{"id":2444,"date":"2018-12-18T15:20:47","date_gmt":"2018-12-18T15:20:47","guid":{"rendered":"https:\/\/happy-desert-trips.com\/wp\/?page_id=2444&#038;lang=es"},"modified":"2018-12-19T14:46:57","modified_gmt":"2018-12-19T14:46:57","slug":"9-dias-desde-fez-hasta-el-norte-de-marruecos","status":"publish","type":"page","link":"https:\/\/happy-desert-trips.com\/es\/9-dias-desde-fez-hasta-el-norte-de-marruecos\/","title":{"rendered":"9 d\u00edas desde Fez hasta el norte de Marruecos"},"content":{"rendered":"<h4>D\u00eda 01 Llegada a Fez.<\/h4>\n<p>A su llegada al aeropuerto de Fez, uno de nuestro equipo le dar\u00e1 la bienvenida y luego lo trasladar\u00e1 a su alojamiento.<\/p>\n<h4>Dia 02 Visita de la FEZ<\/h4>\n<p>Despu\u00e9s del desayuno, una visita a una de las famosas ciudades de Marruecos es muy importante, una oportunidad para visitar los monumentos hist\u00f3ricos y la antigua Medina con sus hermosas calles estrechas.<\/p>\n<h4>Dia 03 FEZ A OUAD LAOU<\/h4>\n<p>Este viaje nos llevar\u00e1 a la magia del norte, a la hermosa ciudad de Ouad Laou, que se encuentra en el norte de Marruecos en la costa mediterr\u00e1nea. Paisajes muy bonitos para disfrutar mientras conduces por el lado del mar a lo largo del viaje.<\/p>\n<h4>Dia 04 Hamad Saeih &#8211; Sidi Mbarek<\/h4>\n<p>Despu\u00e9s del desayuno, partiremos hacia la novia del norte, ya que los marroqu\u00edes prefieren llamar a la ciudad de Tanger, incluida una visita a la hermosa ciudad de Tetu\u00e1n, Tears en idioma bereber local.<\/p>\n<h4>Dia 05 VISITA DEL TANGER<\/h4>\n<p>La novia o la perla del norte definitivamente vale la pena visitar sus monumentos hist\u00f3ricos y sitios naturales como la Cueva de H\u00e9rcules. El contraste de lo antiguo antiguo y lo moderno es algo que se debe observar al caminar por las calles de esta ciudad en alza.<\/p>\n<h4>Dia 06 TANGER PARA MEKNES<\/h4>\n<p>Este viaje nos llevar\u00e1 de regreso a las ciudades imperiales, para visitar la ciudad que se encuentra en el centro de Marruecos, la ciudad de Meknes. En el camino, se pueden observar las tierras verdes y pr\u00f3speras de Marruecos.<\/p>\n<h4>Dia 07 VISITA DE MEKNES<\/h4>\n<p>Meknes es una ciudad con tantas puertas que est\u00e1 rodeada de enormes muros, fundada por los ismailianos. Monumentos hist\u00f3ricos como la famosa plaza Lahdim y la prisi\u00f3n de Qara, la tumba de Moulay Ismail\u2026. Definitivamente vale la pena una visita.<\/p>\n<h4>Dia 08 MEKNES A FEZ VIA VOLUBILIS<\/h4>\n<p>Despu\u00e9s del desayuno, partiremos para visitar la ciudad de Moulay Idriss Zerhoun en nuestro camino de regreso a Fez, tambi\u00e9n visitaremos la antigua ciudad romana de Volubilis, para continuar nuestro camino para unirnos a la ciudad de Fez.<\/p>\n<h4>Dia 09 TRANSPORTE AEROPUERTO FEZ<\/h4>\n<p>Desayuno. Traslado al aeropuerto para la salida programada del vuelo. Adi\u00f3s. Fin de nuestros servicios.<\/p>\n","protected":false},"excerpt":{"rendered":"<p>D\u00eda 01 Llegada a Fez. A su llegada al aeropuerto de Fez, uno de nuestro equipo le dar\u00e1 la bienvenida y luego lo trasladar\u00e1 a su<span class=\"excerpt-hellip\"> [\u2026]<\/span><\/p>\n","protected":false},"author":1,"featured_media":0,"parent":0,"menu_order":0,"comment_status":"closed","ping_status":"closed","template":"","meta":{"footnotes":""},"class_list":["post-2444","page","type-page","status-publish","hentry"],"_links":{"self":[{"href":"https:\/\/happy-desert-trips.com\/es\/wp-json\/wp\/v2\/pages\/2444","targetHints":{"allow":["GET"]}}],"collection":[{"href":"https:\/\/happy-desert-trips.com\/es\/wp-json\/wp\/v2\/pages"}],"about":[{"href":"https:\/\/happy-desert-trips.com\/es\/wp-json\/wp\/v2\/types\/page"}],"author":[{"embeddable":true,"href":"https:\/\/happy-desert-trips.com\/es\/wp-json\/wp\/v2\/users\/1"}],"replies":[{"embeddable":true,"href":"https:\/\/happy-desert-trips.com\/es\/wp-json\/wp\/v2\/comments?post=2444"}],"version-history":[{"count":3,"href":"https:\/\/happy-desert-trips.com\/es\/wp-json\/wp\/v2\/pages\/2444\/revisions"}],"predecessor-version":[{"id":2562,"href":"https:\/\/happy-desert-trips.com\/es\/wp-json\/wp\/v2\/pages\/2444\/revisions\/2562"}],"wp:attachment":[{"href":"https:\/\/happy-desert-trips.com\/es\/wp-json\/wp\/v2\/media?parent=2444"}],"curies":[{"name":"wp","href":"https:\/\/api.w.org\/{rel}","templated":true}]}}