{"id":2442,"date":"2018-12-18T15:19:57","date_gmt":"2018-12-18T15:19:57","guid":{"rendered":"https:\/\/happy-desert-trips.com\/wp\/?page_id=2442&#038;lang=es"},"modified":"2018-12-19T14:46:04","modified_gmt":"2018-12-19T14:46:04","slug":"9-dias-de-viaje-por-el-desierto-de-marrakech","status":"publish","type":"page","link":"https:\/\/happy-desert-trips.com\/es\/9-dias-de-viaje-por-el-desierto-de-marrakech\/","title":{"rendered":"9 d\u00edas de viaje por el desierto de Marrakech"},"content":{"rendered":"<h4>D\u00eda 1: Llegada a Marrakech<\/h4>\n<p>Una vez que llegue a Marrakech, lo trasladaremos a su hotel \/ riad.<\/p>\n<h4>D\u00eda 2: Marrakech turismo<\/h4>\n<p>Tendr\u00e1 una visita guiada para descubrir los lugares m\u00e1s ex\u00f3ticos de Marrakech, la famosa plaza Jamaa El fna, la mezquita koutoubia, los jardines Majorelle, las tumbas saad\u00edes con un astroll en el laberinto de las estrechas calles de la Medina entre sus famosos zocos. hotel \/ riad.<\/p>\n<h4>D\u00eda 3: Marrakech &#8211; Ait Ben Haddou &#8211; Ouarzazate &#8211; Valle de Dades<\/h4>\n<p>Comenzaremos nuestro viaje desde Marrakech hasta las gargantas del Dades cruzando el misterioso paso de Tizi-n-Tichka, con vistas fascinantes sobre las altas monta\u00f1as del atlas, y las tradicionales aldeas bereberes del Alto Atlas. Continuaremos hacia Ait Ben haddou, Patrimonio de la Humanidad por la UNESCO. , un pueblo fortificado espectacular (Ksar). Despu\u00e9s del almuerzo saldremos hacia Hollywood Ouarzazate antes de llegar al valle de Dades. Alojamiento en el riad \/ hotel en las gargantas del Dades.<\/p>\n<h4>D\u00eda 4: Gargantas de Dades &#8211; Gargantas de Todgha &#8211; Erfoud &#8211; Rissani &#8211; Merzouga<\/h4>\n<p>Despu\u00e9s de un desayuno por la ma\u00f1ana, conduciremos por el valle de Dades para ver la incre\u00edble formaci\u00f3n rocosa, y tomaremos un descanso en uno de los lugares agradables de las gargantas, dejando el valle de Dades, hacia Tinrghir y el valle de Todra, veremos las vistas panor\u00e1micas. de los antiguos pueblos bereberes de barro, con sus palmerales con vistas al valle. Al llegar a la Garganta de Todgha, caminar\u00e1 por debajo del acantilado rojo elevado que se eleva hasta (300 m) en su punto m\u00e1s estrecho. Continuando hacia Erfoud y Rissani, una vez llamados sijilmassa (la fundaci\u00f3n de la dinast\u00eda Alaouit, la familia gobernante actual) el almuerzo ser\u00e1 En el camino despu\u00e9s, nos dirigiremos a Merzouga a nuestra llegada. Le daremos una c\u00e1lida bienvenida con una taza de t\u00e9 antes de pasar la noche en un hotel \/ riad.<\/p>\n<h4>D\u00eda 5: Merzouga y la caminata en camello.<\/h4>\n<p>Despu\u00e9s del desayuno, comenzaremos a explorar el \u00e1rea, comenzaremos por visitar el pueblo de personas negras originariamente de Mali para disfrutar de su m\u00fasica y la forma en que viven. Luego, conduciremos a Miffis Mines para explorar c\u00f3mo trabajan all\u00ed antes de llegar. Detr\u00e1s de las Dunas en un desierto lleno de encantadoras vistas, donde nos sentaremos a tomar una taza de t\u00e9 con los beduinos ber\u00e9beres (que viven en tiendas de campa\u00f1a), se les presentar\u00e1 a los miembros de la familia y conocer\u00e1n su forma de vida. Antes de regresar al Despu\u00e9s de prepararse, sus gu\u00edas locales le ense\u00f1ar\u00e1n c\u00f3mo montar y desmontar y otros pr\u00e1cticos consejos de seguridad relacionados con los camellos. Luego, comenzar\u00e1 a explorar el misterioso mar de arena del Erg-Chebbi durante (1h -1h: 30m). una tienda bereber.<\/p>\n<h4>D\u00eda 6: Merzouga-Rissani-Agdez-Ouarzazate<\/h4>\n<p>Nos levantaremos temprano por la ma\u00f1ana para ver el mejor amanecer de su vida proyectando diferentes sombras y colores sobre el mar de dunas, el m\u00e1s alto de Marruecos, antes de regresar a nuestro hotel del desierto, despu\u00e9s del desayuno y una ducha. salga para Rissaniwe, puede explorar el gran mercado de rissani seg\u00fan el mercado del d\u00eda, luego continuaremos hacia Agdez, a trav\u00e9s de Alnif y Tazarine, antes de llegar al fascinante Valle de Draa y luego a Ouarzazate. Durante la noche en el hotel \/ Riad.<\/p>\n<h4>D\u00eda 7: Ouarzazate-Tizi-n-Tichka Pass-Marrakech<\/h4>\n<p>Despu\u00e9s del desayuno en su hotel, nos dirigimos a Marrakech, nuestro viaje incluir\u00e1 la visita del estudio de cine Atlas, Kasbah Taourirt, luego continuar\u00e1 a trav\u00e9s del majestuoso Paso de Tizi n\u2019tichka (2260 m) sobre las monta\u00f1as del Alto Atlas hasta Marrakech. Pernocte en hotel \/ riad.<\/p>\n<h4>D\u00eda 8: Marrakech Excursi\u00f3n de un d\u00eda a Essaouira.<\/h4>\n<p>Despu\u00e9s del desayuno, saldremos hacia Essaouira, una peque\u00f1a ciudad fortificada. Anteriormente conocida por su antiguo nombre portugu\u00e9s &#8216;Mogador&#8217;, ba\u00f1ada por el Atl\u00e1ntico y declarada Patrimonio de la Humanidad por la Unesco en 2001, y tradicionalmente se le han dado nombres como La Perla del Atl\u00e1ntico. Su tiempo en Essaouira tendr\u00e1 una visita guiada del puerto, la Scala, el mercado municipal, el barrio de los joyeros y un complejo de artesan\u00edas. All\u00ed podr\u00e1s pasear y disfrutar de las playas, las murallas y la medina. Almuerzo y luego regreso a Marrakech por la tarde.<\/p>\n<h4>D\u00eda 9: Aeropuerto de Marrakech<\/h4>\n","protected":false},"excerpt":{"rendered":"<p>D\u00eda 1: Llegada a Marrakech Una vez que llegue a Marrakech, lo trasladaremos a su hotel \/ riad. D\u00eda 2: Marrakech turismo Tendr\u00e1 una visita guiada<span class=\"excerpt-hellip\"> [\u2026]<\/span><\/p>\n","protected":false},"author":1,"featured_media":0,"parent":0,"menu_order":0,"comment_status":"closed","ping_status":"closed","template":"","meta":{"footnotes":""},"class_list":["post-2442","page","type-page","status-publish","hentry"],"_links":{"self":[{"href":"https:\/\/happy-desert-trips.com\/es\/wp-json\/wp\/v2\/pages\/2442","targetHints":{"allow":["GET"]}}],"collection":[{"href":"https:\/\/happy-desert-trips.com\/es\/wp-json\/wp\/v2\/pages"}],"about":[{"href":"https:\/\/happy-desert-trips.com\/es\/wp-json\/wp\/v2\/types\/page"}],"author":[{"embeddable":true,"href":"https:\/\/happy-desert-trips.com\/es\/wp-json\/wp\/v2\/users\/1"}],"replies":[{"embeddable":true,"href":"https:\/\/happy-desert-trips.com\/es\/wp-json\/wp\/v2\/comments?post=2442"}],"version-history":[{"count":2,"href":"https:\/\/happy-desert-trips.com\/es\/wp-json\/wp\/v2\/pages\/2442\/revisions"}],"predecessor-version":[{"id":2560,"href":"https:\/\/happy-desert-trips.com\/es\/wp-json\/wp\/v2\/pages\/2442\/revisions\/2560"}],"wp:attachment":[{"href":"https:\/\/happy-desert-trips.com\/es\/wp-json\/wp\/v2\/media?parent=2442"}],"curies":[{"name":"wp","href":"https:\/\/api.w.org\/{rel}","templated":true}]}}