{"id":2439,"date":"2018-12-18T15:18:50","date_gmt":"2018-12-18T15:18:50","guid":{"rendered":"https:\/\/happy-desert-trips.com\/wp\/?page_id=2439&#038;lang=es"},"modified":"2018-12-19T14:45:20","modified_gmt":"2018-12-19T14:45:20","slug":"8-dias-desde-tanger-a-marrakech-a-traves-del-desierto-del-sahara","status":"publish","type":"page","link":"https:\/\/happy-desert-trips.com\/es\/8-dias-desde-tanger-a-marrakech-a-traves-del-desierto-del-sahara\/","title":{"rendered":"8 d\u00edas desde T\u00e1nger a Marrakech a trav\u00e9s del desierto del Sahara"},"content":{"rendered":"<h4>1er d\u00eda: T\u00e1nger &#8211; Chefchaouen<\/h4>\n<p>Nos reuniremos con usted en el puerto o en el aeropuerto y conduciremos por las monta\u00f1as del Rif que pasan por la ciudad de Tetoun para disfrutar de las vistas de las hermosas monta\u00f1as hasta que lleguemos a Chefchaouan. De hecho, es uno de los impresionantes pueblos a los pies de las monta\u00f1as del Rif. Chefchaouen medina ten\u00eda una plaza de estilo espa\u00f1ol rodeada de muchas tiendas de artesan\u00eda y funky, restaurantes en la azotea y caf\u00e9s donde almorzar\u00e1 antes de continuar hacia Fes, donde pasaremos la noche en el tradicional riad marroqu\u00ed.<\/p>\n<h4>2do D\u00eda: Chefchaouen &#8211; Volubilis &#8211; Meknes &#8211; Fes<\/h4>\n<p>Hoy, despu\u00e9s de su desayuno en el riad, nuestro aut\u00e9ntico viaje en T\u00e1nger Marruecos Tours comenzar\u00e1 hacia Volubilis. Cruce a trav\u00e9s de Wazan y otros pueblos del Rif. As\u00ed que en Volubilis descubriremos las ruinas romanas y aprenderemos sobre el sitio arqueol\u00f3gico de la historia marroqu\u00ed. Luego, despu\u00e9s de la visita de las ruinas, nos trasladaremos a la ciudad de Meknes, el patrimonio del siglo XVII. All\u00ed nos detendremos para almorzar y pasaremos por las enormes murallas hist\u00f3ricas de la medina, Bab El Mansour y disfrutaremos de una visita al santuario de Moulay Ismail. Finalmente, despu\u00e9s de la visita de Meknes, nos dirigiremos directamente a la ciudad de Fez, donde pasar\u00e1 la noche en el riad.<\/p>\n<h4>3er d\u00eda: Fes Sightseeing<\/h4>\n<p>Despu\u00e9s del desayuno en su riad, comenzar\u00e1 a explorar la ciudad m\u00e1s antigua de Marruecos. En primer lugar paseando por sus callejuelas y callejuelas. Por lo tanto, nuestra visita comienza visitando la puerta del Palacio Real, la sede jud\u00eda, la primera Mellah construida en Marruecos, construida durante el siglo XVI. Por lo tanto, nos aseguraremos de que visite todos los sitios con inter\u00e9s cultural e hist\u00f3rico, como la famosa Universidad Al Qaraouine, la m\u00e1s antigua de la regi\u00f3n, las curtiembres, el museo Attarine y el mausoleo Mulay Idriss. Luego, despu\u00e9s del almuerzo, visitar\u00e1 la cooperativa de azulejos. Luego experimente una maravillosa vista panor\u00e1mica de toda la medina de Fez.<\/p>\n<h4>D\u00eda 4: Fes &#8211; Ifrane &#8211; Midelt &#8211; Merzouga &#8211; Paseo en camello y alojamiento en la tienda<\/h4>\n<p>En este d\u00eda iniciaremos nuestro recorrido hacia el sureste a trav\u00e9s del Atlas medio a trav\u00e9s de Ifrane &#8216;la Suiza marroqu\u00ed&#8217;, luego Azrou, donde haremos una parada en el famoso bosque de cedros, el m\u00e1s grande de Marruecos para ver y jugar con los monos de Berber\u00eda. Desde aqu\u00ed nos dirigimos hacia el sur pasando por varias ciudades y tendr\u00e1 la oportunidad de ver a n\u00f3madas que viven en tiendas de campa\u00f1a en el camino. Luego nos detendremos en Midelt donde disfrutar\u00e1 de su almuerzo. M\u00e1s tarde, continuando nuestro viaje a Merzouga a trav\u00e9s del paso Tizi N\u2019Talghomt (1907m) mientras disfruta de las vistas panor\u00e1micas. Tambi\u00e9n tendr\u00e1 una parada para una vista panor\u00e1mica de la palmera Aoufous a lo largo del r\u00edo Ziz. Al final del d\u00eda continuaremos hacia las cautivadoras dunas de Erg Chebbi, donde usted montar\u00e1 en camellos y pasar\u00e1 la noche en tiendas n\u00f3madas.<\/p>\n<h4>5\u00ba D\u00eda: Merzouga &#8211; Gargantas del Todra &#8211; Valle de Dades<\/h4>\n<p>Despu\u00e9s de ver el amanecer sobre las dunas del Sahara y del desayuno, regresaremos en camellos a nuestro hotel o Riad. M\u00e1s tarde continuaremos nuestro viaje conduciendo hacia las monta\u00f1as de Saghro. Luego llegaremos al desfiladero de Todra, donde disfrutaremos de un almuerzo tradicional marroqu\u00ed y daremos un paseo por el desfiladero, antes de llegar a Dades Valley para cenar y alojarse.<\/p>\n<h4>D\u00eda 6: Valle del Dades &#8211; Ouarzazate &#8211; Ait Ben Haddou &#8211; Marrakech<\/h4>\n<p>Despu\u00e9s del desayuno, comenzaremos nuestro viaje a trav\u00e9s del valle de Dades hacia Kalaa M\u2019gouna y Ouarzazate. Dado que la ruta a trav\u00e9s del Valle de Dades es el camino de los mil kasbahs, brinda numerosas oportunidades para tomar algunas de sus mejores fotograf\u00edas del viaje. Luego nos detendremos en Ait Ben Haddou Kasbah para el almuerzo. En primer lugar, es la Kasbah m\u00e1s grande de Marruecos. Construido por T-hami El Glaoui, uno de los \u00faltimos jefes bereberes de principios del siglo XX. Sol\u00eda \u200b\u200bser una de sus paradas durante su largo viaje desde el Sahara a Marrakech. De hecho, ahora la kasbah es uno de los sitios del patrimonio de la UNESCO. Luego, despu\u00e9s de eso, cambiaremos el camino para cruzar altas monta\u00f1as del atlas llenas de vistas panor\u00e1micas y atractivos pueblos bereberes a lo largo del camino hasta Marrakech. Finalmente durante la noche en un riad de lujo en la medina.<\/p>\n<h4>D\u00eda 7: D\u00eda completo en Marrakech:<\/h4>\n<p>Despu\u00e9s del desayuno en el riad, puede comenzar a explorar Marrakech &#8216;la ciudad roja de Marruecos&#8217;. Por eso, en estos T\u00e1nger Marruecos Tours, nos aseguraremos de que vea los sitios m\u00e1s importantes de inter\u00e9s hist\u00f3rico y cultural. Incluyendo los jardines Majorelle, la torre Koutoubia, las tumbas saad\u00edes, el palacio de la Bah\u00eda. Luego, despu\u00e9s del almuerzo en un restaurante cerca de la plaza, pasear\u00e1s por los zocos y ver\u00e1s cientos de artesan\u00edas. Finalmente en la tarde, tendr\u00e1 tiempo libre para admirar las otras partes de la ciudad.<\/p>\n<h4>8 \u00b0 d\u00eda: Marrakech &#8211; Aeropuerto<\/h4>\n<p>Traslado al aeropuerto, finalmente al final de nuestros servicios.<\/p>\n","protected":false},"excerpt":{"rendered":"<p>1er d\u00eda: T\u00e1nger &#8211; Chefchaouen Nos reuniremos con usted en el puerto o en el aeropuerto y conduciremos por las monta\u00f1as del Rif que pasan por<span class=\"excerpt-hellip\"> [\u2026]<\/span><\/p>\n","protected":false},"author":1,"featured_media":0,"parent":0,"menu_order":0,"comment_status":"closed","ping_status":"closed","template":"","meta":{"footnotes":""},"class_list":["post-2439","page","type-page","status-publish","hentry"],"_links":{"self":[{"href":"https:\/\/happy-desert-trips.com\/es\/wp-json\/wp\/v2\/pages\/2439","targetHints":{"allow":["GET"]}}],"collection":[{"href":"https:\/\/happy-desert-trips.com\/es\/wp-json\/wp\/v2\/pages"}],"about":[{"href":"https:\/\/happy-desert-trips.com\/es\/wp-json\/wp\/v2\/types\/page"}],"author":[{"embeddable":true,"href":"https:\/\/happy-desert-trips.com\/es\/wp-json\/wp\/v2\/users\/1"}],"replies":[{"embeddable":true,"href":"https:\/\/happy-desert-trips.com\/es\/wp-json\/wp\/v2\/comments?post=2439"}],"version-history":[{"count":3,"href":"https:\/\/happy-desert-trips.com\/es\/wp-json\/wp\/v2\/pages\/2439\/revisions"}],"predecessor-version":[{"id":2559,"href":"https:\/\/happy-desert-trips.com\/es\/wp-json\/wp\/v2\/pages\/2439\/revisions\/2559"}],"wp:attachment":[{"href":"https:\/\/happy-desert-trips.com\/es\/wp-json\/wp\/v2\/media?parent=2439"}],"curies":[{"name":"wp","href":"https:\/\/api.w.org\/{rel}","templated":true}]}}