{"id":2437,"date":"2018-12-18T15:17:34","date_gmt":"2018-12-18T15:17:34","guid":{"rendered":"https:\/\/happy-desert-trips.com\/wp\/?page_id=2437&#038;lang=es"},"modified":"2018-12-19T14:43:45","modified_gmt":"2018-12-19T14:43:45","slug":"8-dias-desde-fes-al-desierto-merzouga","status":"publish","type":"page","link":"https:\/\/happy-desert-trips.com\/es\/8-dias-desde-fes-al-desierto-merzouga\/","title":{"rendered":"8 D\u00edas desde Fes al Desierto Merzouga"},"content":{"rendered":"<h4>D\u00eda 1: llegada a Fez:<\/h4>\n<p>Traslado desde el aeropuerto hasta el riad, dependiendo de su llegada, y comience el recorrido por la antigua ciudad de Fez (Fes-El-Bali) y su medina, la m\u00e1s grande y famosa de todo el mundo \u00e1rabe, ingresando desde Bab Boujloud, la m\u00e1s grande. famoso puerto y rumbo a Dar Batha, un edificio hispano-morisco que alberga un hermoso Museo de arte popular, que contin\u00faa con una visita a la madraza Bou Inania, escuela cor\u00e1nica de Fez en Marruecos, donde los j\u00f3venes estudian el Cor\u00e1n entre habitaciones, oratorio y Un hermoso patio. La visita contin\u00faa a continuaci\u00f3n, a trav\u00e9s de la curtiembre Chouara, descubrir\u00e1 el procesamiento de cuero afinado, limpiando primero el tinte con tintes naturales. Luego nos encontramos en la mezquita Qaraouiyine, fundada en el siglo IX por una mujer. El turismo se detiene a lo largo de la plaza, donde los retoques de Ottonai y Seffarine viven en calles y plazas adyacentes. Saldr\u00e1 de la medina a trav\u00e9s de Bab Semmarine, cena y alojamiento en un Riad.<\/p>\n<h4>D\u00eda 2: Fes-Meknes.<\/h4>\n<p>Despu\u00e9s del desayuno, salida de Fez a Meknes, la m\u00e1s peque\u00f1a de las ciudades imperiales. Una visita a esta ciudad comenzar\u00e1 a cruzar el Bab Mansour, el m\u00e1s importante y notable entre los puertos de Meknes. Desde aqu\u00ed hasta el mausoleo de Moulay Ismail, donde se requiere vestimenta adecuada. Es el monumento m\u00e1s importante de la Ciudad Imperial, construido con muros de barro batido mezclado con paja y guijarros (pis\u00e9). Luego entraremos en el coraz\u00f3n de la medina a trav\u00e9s de la plaza El-Hedim, visitando el mercado y suk. Desde Meknes cena y alojamiento en un riad t\u00edpico.<\/p>\n<h4>D\u00eda 3: Meknes-Azrou &#8211; Midelt Rissani Merzouga<\/h4>\n<p>Despu\u00e9s del desayuno partir\u00e1 hacia Azrou, un sitio excepcional de 1650 m, apodado Suiza de Marruecos, donde podr\u00e1 admirar las cig\u00fce\u00f1as que anidan en los techos de las casas. Despu\u00e9s de hacer un paseo a Azrou y seguitosi comenzar\u00e1 direzionedi en Merzouga, en el desierto del Sahara. El primer pueblo que se encuentra en el camino es Azrou, de origen bereber, ubicado en el coraz\u00f3n de un parque naturaledi de 53,000 acres en una meseta de piedra caliza rodeada de bosques de cedros y robles, entre antiguos volcanes. Azrou es m\u00e1s famoso por la presencia de una gran cantidad de monos en el bosque que lo rodea. Tomar\u00e1 la carretera que sube por el Atlas Medio hasta el Zad y la ciudad de Midelt en 1488 m de altitud. Midelt es un lugar no particularmente tur\u00edstico, pero hist\u00f3ricamente famoso, geologicocon vida, con estructuras de cristal incre\u00edbles y coloridas. Aqu\u00ed puedes tomarte un descanso para almorzar. Desde Midelt, el camino contin\u00faa a trav\u00e9s de las hermosas Gorges du Ziz hasta llegar a Errachidia en la provincia del sur. Llegamos luego a Rissani, la puerta del desierto y aqu\u00ed en Merzouga a \u00faltima hora de la tarde, antes del atardecer, puede disfrutar de las cercanas dunas de Erg Chebbi caminando. Aqu\u00ed hay una cena t\u00edpica frente al fuego y el sonido de los tambores y canciones de las poblaciones bereberes, tuareg y el sur de Marruecos. (campamento nocturno &#8211; tienda bereber)<\/p>\n<h4>D\u00eda 4: Tour en Merzouga.<\/h4>\n<p>Se despierta temprano en la ma\u00f1ana para ver el amanecer y los diferentes colores de las dunas que el atardecer. Luego, regrese al hotel en Camelback y despu\u00e9s de la ducha en el hotel, tomar\u00e1 el 4 x 4 para una visita a las cuevas donde se encuentran los f\u00f3siles naturales del desierto; Ir\u00e1s al peque\u00f1o y antiguo pueblo de Tissrdmin donde se rodaron muchas pel\u00edculas, tomando el camino por donde pasa incluso el rally Paris Dakar y por el desierto con sus piedras volc\u00e1nicas negras, donde llevaremos a la familia con un touareg. Llegamos entonces al pueblo Kamlia, famoso por sus habitantes de \u00c1frica y negros por su m\u00fasica. Este pueblo es muy famoso por el festival de m\u00fasica y danza que tiene lugar todos los a\u00f1os durante la primera semana de agosto. Desde aqu\u00ed veremos el lago Dayet Srji con sus flamencos rosados. Luego comer\u00e1 la pizza Rissani, donde se mezclar\u00e1 con sus 44 especias, junto con una familia de la que nos encontramos, tradiciones, costumbres y tradiciones, y se mostrar\u00e1n objetos que aqu\u00ed vienen con caravanas. Rissani fue una vez la capital econ\u00f3mica de Marruecos y el centro de caravanas partiendo hacia el desierto. Visita a la Kasba de este pueblo. Regreso al hotel para pasar la noche en Riad.<\/p>\n<h4>D\u00eda 5: Merzouga \/ Gole del Todra \/ Dad\u00e9s Valley \/ Ouarzazate Dad\u00e9s gargantas<\/h4>\n<p>Despu\u00e9s del desayuno. Tome el camino hacia las gargantas de Todra, donde se film\u00f3 la pel\u00edcula Lawrence de Arabia, entre las mejores del sur de Marruecos. Aqu\u00ed tambi\u00e9n har\u00e1 una parada para almorzar, y de all\u00ed hacia Boumalne Dad\u00e8s, desde donde comienza el valle de 25 km de arrivafino a gargantas, donde haremos un paseo a trav\u00e9s de la exuberante y verde vegetaci\u00f3n en contraste con la roca roja circundante, y donde La construcci\u00f3n pis\u00e9 toma el mismo color de las rocas. A lo largo de este valle hay toda una sucesi\u00f3n de ksour, en el coraz\u00f3n de las tierras de cultivo y huertos. Desde aqu\u00ed contin\u00fae por el valle de las rosas, la carretera 1000 kasba, edificios t\u00edpicos del sur de Marruecos. Har\u00e1 una parada en la ciudad principal del valle, El-Kalaa M\u2019gouna, famosa por el florecimiento de esta flor, de la que provienen muchos productos para el cuidado del cuerpo. Tomando la carretera de la kasba, 1000 edificios t\u00edpicos del sur de Marruecos. Har\u00e1 una parada en la ciudad principal del valle, El-Kalaa M\u2019gouna, famosa por la floraci\u00f3n de esta flor, de la que provienen muchos productos para el cuidado del cuerpo. Visita tambi\u00e9n un laboratorio para extraer esta preciosa esencia. Desde aqu\u00ed nos dirigimos hacia Skoura para visitar la Kasbah en esta \u00e1rea y tomar un descanso. Aqu\u00ed pasaremos la noche en un Riad t\u00edpico y cenaremos en el Riad.<\/p>\n<h4>D\u00eda 6: Ouarzazate-la cascada de ouzoud<\/h4>\n<p>Despu\u00e9s del desayuno, salida hacia la ciudad de Ouarzazate, la Kasbah de Taourirt. Estudios de cine; La kasbah de Ait Ben Haddou. Despu\u00e9s de tomar el camino hacia Demnate, siga el paso de Tizi-n-Outfi (2150 m) cruzando las monta\u00f1as del Atlas Medio y varias aldeas bereberes en el camino. Aqu\u00ed el paisaje y los colores de las monta\u00f1as tambi\u00e9n est\u00e1n cambiando con el paso del tiempo, y luego la luz del sol, de ocre, rosado, rojo a azul. Har\u00e1 una parada en Imi-n-Ifri, boca de cueva en Berber, passegger\u00e0 y tomar\u00e1 fotograf\u00edas espectaculares. De aqu\u00ed viene, siempre continuando cruzando el Atlas Medio hasta las hermosas cascadas de Ouzoud, de 110 m de altura, considerado uno de los lugares m\u00e1s hermosos para visitar en Marruecos. Aqu\u00ed puedes dar un paseo por el verde y ba\u00f1arte en el agua dulce del r\u00edo. Son unas buenas vacaciones relajantes y pasaremos la noche en un hotel local.<\/p>\n<h4>D\u00eda 7: Cascades Ouzoud Marrakech<\/h4>\n<p>Despu\u00e9s del desayuno, saldremos por 3 horas de la llegada a la calle Marrakech y comenzaremos el recorrido por la Ciudad Imperial de Marrakech a trav\u00e9s de sus diversos zocos (botines Souk Smata, fabricantes de hierro Suk Haddadine, Chouari-Suk de tejedores de cestas, Cherratine-Souk donde trabaja el Cuero, joyas Souk). Desde aqu\u00ed llegar\u00e1 a la mezquita Ben Youssef, la escuela cor\u00e1nica m\u00e1s grande y hermosa de la ciudad, cerca de la Mezquita y la Koubba almoravide y el Museo de Marrakech, donde haremos una visita. Pasando a otra zona de la ciudad, visitaremos el Palacio de Bah\u00eda, o el &#8216;hermoso&#8217;, el apodo de la favorita, rica morada del visir Ba Ahmed, construido alrededor de 1880, y desde all\u00ed al Palacio Dar Si Said, tambi\u00e9n el Bonita residencia del hermano del visir. Cerca de estos dos edificios se podr\u00e1 ver el exterior de la mezquita El-Mansour, tambi\u00e9n conocida como mezquita dellacasba, f\u00e1cilmente reconocible gracias a su minarete con arabescos turquesas. Luego contin\u00faa con la visita de las tumbas saad\u00edes, cuyo jard\u00edn pertenec\u00eda a la mezquita El-Mansour, que custodia a los gobernantes sepocri y miembros de la familia de esta dinast\u00eda. Regreso al hotel y cena. Despu\u00e9s de la cena, camine hasta la plaza grande Jamaa el-Fna, donde encontraremos sus caracter\u00edsticos vendedores ambulantes, garantizando un espect\u00e1culo continuo. Se reunir\u00e1 con adivinos, encantadores de serpientes, grupos de m\u00fasica, portadores de agua, tatuadores. Alojamiento en un riad.<\/p>\n<h4>Dia 08: marrakech aeropuerto marrakech<\/h4>\n<p>Despu\u00e9s del desayuno, salida al aeropuerto para el vuelo a Italia dependiendo de los horarios de vuelo. Fin de nuestros servicios. Qu\u00e9 incluye este tour por el desierto desde Marrakech: &#8211; Tour en 4 \u00d7 4 veh\u00edculos \/ Minib\u00fas con aire acondicionado &#8211; Conductor \/ gu\u00eda &#8211; Combustible &#8211; Hotel \/ riad noches (desayuno y cena incluidas) &#8211; Camello Trekking y Noche en el desierto &#8211; Camel Per person &#8211; Turban para el viaje en camello en el desierto &#8211; Sandboard en The Dunes No incluido: &#8211; Vuelo &#8211; Almuerzos &#8211; Bebidas NOTA: Si los itinerarios que ofrecemos no coinciden con lo que est\u00e1 buscando, cont\u00e1ctenos y prepararemos el viaje para sus necesidades y requerimientos<\/p>\n","protected":false},"excerpt":{"rendered":"<p>D\u00eda 1: llegada a Fez: Traslado desde el aeropuerto hasta el riad, dependiendo de su llegada, y comience el recorrido por la antigua ciudad de Fez<span class=\"excerpt-hellip\"> [\u2026]<\/span><\/p>\n","protected":false},"author":1,"featured_media":0,"parent":0,"menu_order":0,"comment_status":"closed","ping_status":"closed","template":"","meta":{"footnotes":""},"class_list":["post-2437","page","type-page","status-publish","hentry"],"_links":{"self":[{"href":"https:\/\/happy-desert-trips.com\/es\/wp-json\/wp\/v2\/pages\/2437","targetHints":{"allow":["GET"]}}],"collection":[{"href":"https:\/\/happy-desert-trips.com\/es\/wp-json\/wp\/v2\/pages"}],"about":[{"href":"https:\/\/happy-desert-trips.com\/es\/wp-json\/wp\/v2\/types\/page"}],"author":[{"embeddable":true,"href":"https:\/\/happy-desert-trips.com\/es\/wp-json\/wp\/v2\/users\/1"}],"replies":[{"embeddable":true,"href":"https:\/\/happy-desert-trips.com\/es\/wp-json\/wp\/v2\/comments?post=2437"}],"version-history":[{"count":3,"href":"https:\/\/happy-desert-trips.com\/es\/wp-json\/wp\/v2\/pages\/2437\/revisions"}],"predecessor-version":[{"id":2557,"href":"https:\/\/happy-desert-trips.com\/es\/wp-json\/wp\/v2\/pages\/2437\/revisions\/2557"}],"wp:attachment":[{"href":"https:\/\/happy-desert-trips.com\/es\/wp-json\/wp\/v2\/media?parent=2437"}],"curies":[{"name":"wp","href":"https:\/\/api.w.org\/{rel}","templated":true}]}}