{"id":2435,"date":"2018-12-18T15:16:36","date_gmt":"2018-12-18T15:16:36","guid":{"rendered":"https:\/\/happy-desert-trips.com\/wp\/?page_id=2435&#038;lang=es"},"modified":"2018-12-19T14:42:50","modified_gmt":"2018-12-19T14:42:50","slug":"8-dias-desde-casablanca-a-marrakech","status":"publish","type":"page","link":"https:\/\/happy-desert-trips.com\/es\/8-dias-desde-casablanca-a-marrakech\/","title":{"rendered":"8 d\u00edas desde Casablanca a Marrakech"},"content":{"rendered":"<h4>D\u00eda 1: Casablanca-Rabat-Meknes-Fes.<\/h4>\n<p>Lo recogeremos en el aeropuerto de Casablanca a partir de los 8 d\u00edas en que Casablanca recorrer\u00e1 Marrakech y se dirigir\u00e1 a Fez a trav\u00e9s de la Mezquita Hassan. M\u00e1s tarde, continuamos a Rabat o ciudad \/ capital administrativa donde visitaremos la Torre de Hassan. As\u00ed como, a Fez.<\/p>\n<h4>D\u00eda 2: Fes Sightseeing.<\/h4>\n<p>Despu\u00e9s del desayuno, nos reuniremos con un gu\u00eda local y pasaremos la mayor parte del d\u00eda alrededor de Medina (parte antigua de la ciudad) con un gu\u00eda de d\u00eda completo que le permitir\u00e1 descubrir muchos momentos hist\u00f3ricos, como el barrio jud\u00edo, el Palacio Real, los antiguos zocos &#8230; y las curtiembres. .<\/p>\n<h4>D\u00eda 3: Fes-Cedar-Medilt-Ziz-Valley-Sahara Desert.<\/h4>\n<p>Salga de nuestro viaje por el desierto a las 08:00 hacia el desierto a trav\u00e9s de Ifrane y el bosque de cedros de Azrou, donde se encuentran los monos salvajes. Adem\u00e1s, disfrutamos viendo a los monos trepando a los \u00e1rboles. M\u00e1s tarde, continuamos hacia el desierto a trav\u00e9s del valle de Ziz y Erfoud, que es conocido por los f\u00f3siles de m\u00e1rmol. Por lo tanto, nos dirigimos a Merzouga a trav\u00e9s de Rissani o un lugar comercial donde muchas tribus vienen a vender y comprar bienes. As\u00ed como, llegamos al desierto.<\/p>\n<h4>D\u00eda 4: Recorrido por Nomad en 4 \u00d7 4 camellos en una noche en un campamento en el desierto.<\/h4>\n<p>Una parte de nuestro viaje de 8 d\u00edas a Casablanca ser\u00e1 en Marrakech alrededor de las Dunas de Erg Chebbi, donde todav\u00eda viven los n\u00f3madas, comenzando por Khamlia o la m\u00fasica tradicional Gnawa. M\u00e1s tarde, visitamos algunas minas desiertas y oasis de palmeras. El almuerzo ser\u00e1 local, despu\u00e9s de regresar a Guest House para montar camellos dentro de las dunas y descubrir el desierto.<\/p>\n<h4>D\u00eda 5: Desierto del viejo zoco-Erfoud-Toudra Gargantas-Dades.<\/h4>\n<p>Despu\u00e9s de tomar fotos memorables de la salida del sol, volvemos a Guest House para desayunar y ducharnos. Despu\u00e9s, comenzamos nuestro viaje al valle de Dades pasando por Erfoud, que es conocido por los f\u00f3siles de m\u00e1rmol y Jorf, \u00bfd\u00f3nde est\u00e1 el riego? A continuaci\u00f3n, continuamos a las Gargantas de Todra, que contiene uno de los ca\u00f1ones m\u00e1s impresionantes de Dades.<\/p>\n<h4>D\u00eda 6: Dades-Skoura Oasis-Kasbah Taourirt-Ouarzazate-Marrakech.<\/h4>\n<p>Despu\u00e9s del desayuno, seguimos conduciendo nuestro recorrido de 8 d\u00edas en Casablanca hacia Ouarzazate a trav\u00e9s de las aldeas bereberes que se construyen con barro y seguimos hacia Skoura, que es conocida por las palmeras. A continuaci\u00f3n, continuamos hacia Ouarzazate o el Hollywood marroqu\u00ed y visitamos una de las antiguas Kasbah. A continuaci\u00f3n, dejamos Ouarzazate yendo a Marrakech.<\/p>\n<h4>D\u00eda 7: Marrakech Excursiones.<\/h4>\n<p>A las 09:00, la mayor parte del d\u00eda pasar\u00e1 alrededor de Medina, que es la parte antigua de la ciudad (ciudad roja) con un d\u00eda completo guiado. Luego, visitar\u00e1 uno de los mejores momentos hist\u00f3ricos que se encuentran cerca de la plaza Jemaa el fna, El Koutobia, las tumbas saidianas, Menara &#8230; y el Jard\u00edn Majorelle.<\/p>\n<h4>D\u00eda 8: Marrakech al aeropuerto.<\/h4>\n<p>Nuestra excursi\u00f3n de 8 d\u00edas a Casablanca por Marrakech terminar\u00e1 y se dirigir\u00e1 a Transfert to Airport.<\/p>\n","protected":false},"excerpt":{"rendered":"<p>D\u00eda 1: Casablanca-Rabat-Meknes-Fes. Lo recogeremos en el aeropuerto de Casablanca a partir de los 8 d\u00edas en que Casablanca recorrer\u00e1 Marrakech y se dirigir\u00e1 a Fez<span class=\"excerpt-hellip\"> [\u2026]<\/span><\/p>\n","protected":false},"author":1,"featured_media":0,"parent":0,"menu_order":0,"comment_status":"closed","ping_status":"closed","template":"","meta":{"footnotes":""},"class_list":["post-2435","page","type-page","status-publish","hentry"],"_links":{"self":[{"href":"https:\/\/happy-desert-trips.com\/es\/wp-json\/wp\/v2\/pages\/2435","targetHints":{"allow":["GET"]}}],"collection":[{"href":"https:\/\/happy-desert-trips.com\/es\/wp-json\/wp\/v2\/pages"}],"about":[{"href":"https:\/\/happy-desert-trips.com\/es\/wp-json\/wp\/v2\/types\/page"}],"author":[{"embeddable":true,"href":"https:\/\/happy-desert-trips.com\/es\/wp-json\/wp\/v2\/users\/1"}],"replies":[{"embeddable":true,"href":"https:\/\/happy-desert-trips.com\/es\/wp-json\/wp\/v2\/comments?post=2435"}],"version-history":[{"count":2,"href":"https:\/\/happy-desert-trips.com\/es\/wp-json\/wp\/v2\/pages\/2435\/revisions"}],"predecessor-version":[{"id":2555,"href":"https:\/\/happy-desert-trips.com\/es\/wp-json\/wp\/v2\/pages\/2435\/revisions\/2555"}],"wp:attachment":[{"href":"https:\/\/happy-desert-trips.com\/es\/wp-json\/wp\/v2\/media?parent=2435"}],"curies":[{"name":"wp","href":"https:\/\/api.w.org\/{rel}","templated":true}]}}