{"id":2433,"date":"2018-12-18T15:16:00","date_gmt":"2018-12-18T15:16:00","guid":{"rendered":"https:\/\/happy-desert-trips.com\/wp\/?page_id=2433&#038;lang=es"},"modified":"2018-12-19T14:41:11","modified_gmt":"2018-12-19T14:41:11","slug":"7-dias-desde-marrakech-hasta-el-desierto-de-merzouga","status":"publish","type":"page","link":"https:\/\/happy-desert-trips.com\/es\/7-dias-desde-marrakech-hasta-el-desierto-de-merzouga\/","title":{"rendered":"7 d\u00edas desde Marrakech hasta el desierto de Merzouga"},"content":{"rendered":"<h4>D\u00eda 1: Aeropuerto &#8211; Marrakech<\/h4>\n<p>Recoja a la hora acordada con antelaci\u00f3n en el aeropuerto de Marrakech y transfiera a Riad, que se encuentra cerca de la plaza Jamaa el Fna.<\/p>\n<h4>D\u00eda 2: Marrakech &#8211; Atlas &#8211; Valle de Dr\u00e2a &#8211; Zagora<\/h4>\n<p>Salida de Marrakech a Zagora, las monta\u00f1as del Atlas a trav\u00e9s de Tizin Tichka a Ait Ben Haddou Kasbah. Desde all\u00ed, a trav\u00e9s del valle del Draa, llegaremos a Zagora. Cena y alojamiento en el hotel.<\/p>\n<h4>D\u00eda 3: Zagora &#8211; Dakar Rally Road &#8211; Ramlia<\/h4>\n<p>Despu\u00e9s del desayuno, comenzaremos nuestra aventura en Zagora. Conducimos fuera de la pista. Cruzamos varios pueblos bereberes remotos ubicados a lo largo de las fronteras marroqu\u00edes, sentir\u00e1n un silencio infinito en el desierto marroqu\u00ed. Llegamos al pueblo bereber de Ramlia, noche y cena en un hotel t\u00edpico en el desierto.<\/p>\n<h4>D\u00eda 4: Ozina &#8211; Khamlia &#8211; Merzouga &#8211; noche debajo de la carpa en medio del desierto<\/h4>\n<p>Despu\u00e9s de la carretera Merzouga, visitaremos Khamlia para ver a los m\u00fasicos Gnawa. Llegaremos a las dunas de Grand Erg Chebi, tendremos un paseo en la parte posterior de los camellos que nos llevar\u00e1 al coraz\u00f3n del desierto donde admirar\u00e1s la puesta de sol en las dunas, cena y noche en una carpa en el medio. del desierto.<\/p>\n<h4>D\u00eda 5: Merzouga &#8211; Tinghir &#8211; Gargantas de Todra &#8211; Gargantas de Dades<\/h4>\n<p>Despu\u00e9s de la salida del sol y el desayuno en el desierto, regresamos en camello al hotel, despu\u00e9s de salir de Erfoud para visitar la estaci\u00f3n de procesamiento de m\u00e1rmol fosilizado antes de continuar hacia los palmerales. Despu\u00e9s del almuerzo, haremos un corto paseo por el valle de Gorges du Todra. Seguimos dades. Cena y alojamiento en el hotel en Dades Gorge.<\/p>\n<h4>D\u00eda 6: Dades Gorge &#8211; Skoura &#8211; Marrakech<\/h4>\n<p>Despu\u00e9s del desayuno, daremos un breve paseo por el barranco antes de partir hacia Marrakech. Seguiremos el valle del Dades a trav\u00e9s de El Kelaa Magona, el Valle de Roses y el camino de mil kasbahs. Descenderemos las monta\u00f1as del Alto Atlas por el paso Tizi n Tichka para llegar por la tarde a Marrakech y pasar la noche en el Riad.<\/p>\n<h4>D\u00eda 7: Marrakech &#8211; De vuelta a casa<\/h4>\n<p>Despu\u00e9s del desayuno, visitaremos la famosa plaza Jamaa el Fna, ex\u00f3tica y fren\u00e9tica, clasificada como Patrimonio Cultural de la Humanidad por la UNESCO y ubicada a la entrada de la medina. A la hora acordada, traslado al aeropuerto.<\/p>\n","protected":false},"excerpt":{"rendered":"<p>D\u00eda 1: Aeropuerto &#8211; Marrakech Recoja a la hora acordada con antelaci\u00f3n en el aeropuerto de Marrakech y transfiera a Riad, que se encuentra cerca de<span class=\"excerpt-hellip\"> [\u2026]<\/span><\/p>\n","protected":false},"author":1,"featured_media":0,"parent":0,"menu_order":0,"comment_status":"closed","ping_status":"closed","template":"","meta":{"footnotes":""},"class_list":["post-2433","page","type-page","status-publish","hentry"],"_links":{"self":[{"href":"https:\/\/happy-desert-trips.com\/es\/wp-json\/wp\/v2\/pages\/2433","targetHints":{"allow":["GET"]}}],"collection":[{"href":"https:\/\/happy-desert-trips.com\/es\/wp-json\/wp\/v2\/pages"}],"about":[{"href":"https:\/\/happy-desert-trips.com\/es\/wp-json\/wp\/v2\/types\/page"}],"author":[{"embeddable":true,"href":"https:\/\/happy-desert-trips.com\/es\/wp-json\/wp\/v2\/users\/1"}],"replies":[{"embeddable":true,"href":"https:\/\/happy-desert-trips.com\/es\/wp-json\/wp\/v2\/comments?post=2433"}],"version-history":[{"count":2,"href":"https:\/\/happy-desert-trips.com\/es\/wp-json\/wp\/v2\/pages\/2433\/revisions"}],"predecessor-version":[{"id":2552,"href":"https:\/\/happy-desert-trips.com\/es\/wp-json\/wp\/v2\/pages\/2433\/revisions\/2552"}],"wp:attachment":[{"href":"https:\/\/happy-desert-trips.com\/es\/wp-json\/wp\/v2\/media?parent=2433"}],"curies":[{"name":"wp","href":"https:\/\/api.w.org\/{rel}","templated":true}]}}