{"id":2430,"date":"2018-12-18T15:15:24","date_gmt":"2018-12-18T15:15:24","guid":{"rendered":"https:\/\/happy-desert-trips.com\/wp\/?page_id=2430&#038;lang=es"},"modified":"2018-12-19T14:41:42","modified_gmt":"2018-12-19T14:41:42","slug":"7-dias-por-el-desierto-desde-casablanca","status":"publish","type":"page","link":"https:\/\/happy-desert-trips.com\/es\/7-dias-por-el-desierto-desde-casablanca\/","title":{"rendered":"7 D\u00edas por el desierto desde Casablanca"},"content":{"rendered":"<h4>D\u00eda 1: Casablanca &#8211; Meknes &#8211; Volubilis &#8211; Fes:<\/h4>\n<p>Hoy comenzamos nuestro tour privado de A\u00f1o Nuevo por Marruecos y exploramos los mejores lugares culturales de Casablanca. Nuestro recorrido en Casablanca incluir\u00e1 la visita a la Mezquita Hassan ll y, despu\u00e9s del almuerzo, nos dirigiremos a Meknes, la antigua ciudad imperial. Nuestro tour privado de 7 d\u00edas por el desierto de A\u00f1o Nuevo en Marruecos contin\u00faa visitando las ruinas romanas de Volubilis. Luego continuamos a Fez, donde pasamos una noche en un riad \/ hotel local con cena y desayuno.<\/p>\n<h4>D\u00eda 2: Explorando Fez &#8211; visita guiada de la ciudad:<\/h4>\n<p>Nuestro tour privado por el desierto de A\u00f1o Nuevo en Marruecos contin\u00faa hoy con una visita guiada en Fe y descubrimos Fez caminando en Medina. Fes es la ciudad imperial m\u00e1s antigua fundada por Idriss II. Fes es tambi\u00e9n el centro de comercio de la cultura \u00e1rabe-musulmana. Puede explorar la Mezquita de los andaluces, tambi\u00e9n curtidur\u00edas famosas, las Medersas, y visitaremos tambi\u00e9n la parte nueva de la ciudad. Pasamos la noche en hotel \/ riad con cena y desayuno.<\/p>\n<h4>D\u00eda 3: Fes &#8211; Ifrane &#8211; Midelt &#8211; Erfoud &#8211; Rissani &#8211; Desierto de Merzouga:<\/h4>\n<p>Hoy, despu\u00e9s del desayuno, nos dirigimos hacia Ifrane, llamada &#8216;la Suiza de Marruecos&#8217;. Continuamos hacia Midelt y luego pasamos por el valle de Ziz para llegar a la ciudad de Erfoud, muy famosa por sus productos f\u00f3siles locales. Continuamos nuestro recorrido privado por el desierto de Marruecos a Rissani para explorar su zoco. Despu\u00e9s de eso nuestro viaje termina en Merzouga, donde nos alojamos en un hotel del desierto con cena y desayuno.<\/p>\n<h4>D\u00eda 4: Merzouga desierto y camello caminata al campamento del desierto:<\/h4>\n<p>Despu\u00e9s del desayuno, exploraremos la zona des\u00e9rtica de Merzouga visitando el pueblo de Khamia, famoso por sus m\u00fasicos. Almorzaremos con personas n\u00f3madas que viven en el desierto. Nos prepararemos para el paseo en camello por las dunas. Una vez que llegamos al campamento del desierto, exploramos el \u00e1rea del desierto, cenamos en una fogata y disfrutamos de una cena tradicional bereber. Pasamos esta noche en carpas del desierto.<\/p>\n<h4>D\u00eda 5: Desierto de Merzouga &#8211; Gargantas de Todra &#8211; Gargantas de Dades<\/h4>\n<p>Hoy temprano en la ma\u00f1ana, nuestro gu\u00eda de camellos te despertar\u00e1 para ver el amanecer en el desierto de Merzouga. Despu\u00e9s de eso nos montamos en camellos de vuelta al pueblo. Despu\u00e9s de ba\u00f1arnos y desayunar en el riad, nos dirigiremos a Rissani, Tinghir, y llegaremos a las gargantas de Todra, que es la garganta m\u00e1s alta y m\u00e1s estrecha de Marruecos. Aqu\u00ed podremos caminar dentro del valle, y despu\u00e9s del almuerzo en la garganta continuaremos hacia el valle de Dades, donde disfrutaremos de castillos de arena y tambi\u00e9n de las formaciones rocosas llamadas &#8216;dedos de los monos&#8217;. Nos alojamos en Dades Gorges en hotel local con cena y desayuno.<\/p>\n<h4>D\u00eda 6: Gargantas del Dades &#8211; Ouarzazatte &#8211; Ait Ben Haddou &#8211; Marrakech<\/h4>\n<p>El Desert Sahara Tour contin\u00faa y despu\u00e9s del desayuno nos dirigimos hacia Ouarzazate pasando el camino de las mil Kasbahs. Nos detendremos en Kalaat Mgouna, que es el centro del valle de rosas, donde podremos visitar la cooperativa local para las rosas. Luego continuamos nuestro recorrido privado por Marruecos a trav\u00e9s del Ait Ben Haddou, la kasbah local fue construida por Et Hami El Glaoui en el siglo XIX. Cruzamos el paso de monta\u00f1a Tizi n\u2019Tichka a 2260 m sobre las monta\u00f1as del Alto Atlas. Luego continuamos a Marrakech donde termina nuestro recorrido.<\/p>\n<h4>D\u00eda 7: Marrakech city tour &#8211; Casablanca:<\/h4>\n<p>Hoy tendremos visita guiada a Marrakech. Usted explorar\u00e1 las principales atracciones y monumentos de la ciudad, como la famosa plaza Jamma el Fna, la mezquita Kotubia, zocos, palacios, museos. Tambi\u00e9n exploramos parte nueva de la ciudad llamada Gueliz, jardines Menara y Marjolle. Luego lo llevamos a Casablanca donde termina nuestro tour ..<\/p>\n","protected":false},"excerpt":{"rendered":"<p>D\u00eda 1: Casablanca &#8211; Meknes &#8211; Volubilis &#8211; Fes: Hoy comenzamos nuestro tour privado de A\u00f1o Nuevo por Marruecos y exploramos los mejores lugares culturales de<span class=\"excerpt-hellip\"> [\u2026]<\/span><\/p>\n","protected":false},"author":1,"featured_media":0,"parent":0,"menu_order":0,"comment_status":"closed","ping_status":"closed","template":"","meta":{"footnotes":""},"class_list":["post-2430","page","type-page","status-publish","hentry"],"_links":{"self":[{"href":"https:\/\/happy-desert-trips.com\/es\/wp-json\/wp\/v2\/pages\/2430","targetHints":{"allow":["GET"]}}],"collection":[{"href":"https:\/\/happy-desert-trips.com\/es\/wp-json\/wp\/v2\/pages"}],"about":[{"href":"https:\/\/happy-desert-trips.com\/es\/wp-json\/wp\/v2\/types\/page"}],"author":[{"embeddable":true,"href":"https:\/\/happy-desert-trips.com\/es\/wp-json\/wp\/v2\/users\/1"}],"replies":[{"embeddable":true,"href":"https:\/\/happy-desert-trips.com\/es\/wp-json\/wp\/v2\/comments?post=2430"}],"version-history":[{"count":3,"href":"https:\/\/happy-desert-trips.com\/es\/wp-json\/wp\/v2\/pages\/2430\/revisions"}],"predecessor-version":[{"id":2554,"href":"https:\/\/happy-desert-trips.com\/es\/wp-json\/wp\/v2\/pages\/2430\/revisions\/2554"}],"wp:attachment":[{"href":"https:\/\/happy-desert-trips.com\/es\/wp-json\/wp\/v2\/media?parent=2430"}],"curies":[{"name":"wp","href":"https:\/\/api.w.org\/{rel}","templated":true}]}}