{"id":2428,"date":"2018-12-18T15:14:37","date_gmt":"2018-12-18T15:14:37","guid":{"rendered":"https:\/\/happy-desert-trips.com\/wp\/?page_id=2428&#038;lang=es"},"modified":"2018-12-19T14:40:26","modified_gmt":"2018-12-19T14:40:26","slug":"6-dias-de-tanger-a-marrakech-por-el-desierto","status":"publish","type":"page","link":"https:\/\/happy-desert-trips.com\/es\/6-dias-de-tanger-a-marrakech-por-el-desierto\/","title":{"rendered":"6 d\u00edas de Tanger a Marrakech por el desierto"},"content":{"rendered":"<h4>D\u00eda 1: T\u00e1nger &#8211; Tetu\u00e1n &#8211; Chefchaouen<\/h4>\n<p>Nos reuniremos con usted en el &#8216;Puerto, Hotel o Aeropuerto&#8217; de T\u00e1nger. Luego viajaremos a la ciudad azul de Chefchaouen. Cruzaremos las monta\u00f1as del Rif pasando por esta ciudad de Tetau\u00e1n. Al llegar a la ciudad azul de Chefchaouen, nos reuniremos con nuestro gu\u00eda local &#8216;Si \u00e9l inclu\u00eda el viaje&#8217;. Luego, haremos una visita a pie con \u00e9l para explorar los callejones azul y blanco de chefchaouen con sus cubos de flores. Almuerzo en un restaurante en la plaza azul de la ciudad de Otta Hamam. Despu\u00e9s del almuerzo, usted decide si desea explorar m\u00e1s de la ciudad por su cuenta, antes de regresar al hotel. Cena y noche.<\/p>\n<h4>D\u00eda 2: Chefchouen &#8211; Ouazzan &#8211; Rif moutains &#8211; Fes.<\/h4>\n<p>Despu\u00e9s del desayuno, viajaremos a Fez. Cruzando las monta\u00f1as del Rif con sus verdes colinas de olivos. Pasaremos por la ciudad de Ouazzan antes de llegar a la ciudad de Fez. All\u00ed nos reuniremos con nuestro gu\u00eda local para llevarnos en un viaje guiado por la antigua medina de Fez.<br \/>\nPor la tarde, regresaremos a nuestro riad u hotel en Fez. Cena y alojamiento.<\/p>\n<h4>D\u00eda 3: Fes &#8211; Ifrane &#8211; Bosque de cedro de Azrou &#8211; Midelt &#8211; Valle de Ziz &#8211; Desierto de Merzouga<\/h4>\n<p>Despu\u00e9s del desayuno, viajaremos de Fez a Ifrane, conocida como &#8216;Suiza de Marruecos&#8217;. Antes de cruzar las monta\u00f1as anti Atlas, pasaremos por el bosque de cedros de Azrou. All\u00ed, nos encontraremos con estos monos en el bosque. Nos detendremos por un tiempo para alimentarlos y tomar algunas fotos con ellos.<br \/>\nLuego, continuaremos nuestra excursi\u00f3n de un d\u00eda al pueblo de Zaida, donde haremos una pausa para el almuerzo, pasando por estas colinas de esqu\u00ed de Mischlifn.<\/p>\n<p>Despu\u00e9s del almuerzo, viajaremos al desierto a trav\u00e9s de Midelt &#8216;capital de Apple de Marruecos&#8217; y pasaremos por las monta\u00f1as anti Atlas, disfrutando de los paisajes de sus coloridos bordes.<\/p>\n<p>Antes de llegar a las dunas de arena, pasaremos por este valle de Ziz, incluida una parada en un parque panor\u00e1mico para ver y tomar algunas fotos de este fabuloso valle lleno de palmeras y olivos. Luego, lo cruzaremos pasando por sus pueblos bereberes por la carretera. Al llegar a la ciudad de Erfoud, continuaremos hacia las dunas del desierto que pasan por las monta\u00f1as del desierto volc\u00e1nico negro y los campos de piedras negras. Al llegar al desierto, recibiremos una copa de t\u00e9 bereber en nuestro hotel mientras nos registramos en nuestras habitaciones. Cena y noche.<\/p>\n<h4>D\u00eda 4: Merzouga excursi\u00f3n por el desierto alrededor de las dunas de arena &#8211; Camello trekking &#8211; Noche en el campamento<\/h4>\n<p>Despu\u00e9s del desayuno, nos prepararemos para explorar el desierto con nuestro conductor que habla ingl\u00e9s.<br \/>\nComenzaremos con una visita a este lago de Yasmina. Este lago es un milagro para los n\u00f3madas, donde alimentan a sus camellos y ovejas.<\/p>\n<p>Despu\u00e9s de algunas fotos con este lago, continuaremos nuestra excursi\u00f3n para visitar a las familias de los n\u00f3madas detr\u00e1s de las dunas de arena. Estas familias bereberes prefieren esta forma de vida que hace viajar alrededor con sus paquetes en busca de agua y hierba alrededor del Sahara. Nos detendremos en su tienda y tomaremos una taza de t\u00e9 con ellos antes de continuar hacia las minas de Miffis al cruzar el pueblo de Miffiss y el itinerario de Ralley Dakar, all\u00ed visitaremos una cantera de f\u00f3siles, donde recoger\u00e1n estos f\u00f3siles para ir a un taller en Erfoud. Estos f\u00f3siles son conocidos por su incre\u00edble decoraci\u00f3n de mesa con animales de millones de a\u00f1os en su interior.<br \/>\nAntes de terminar nuestro viaje de un d\u00eda por el desierto, visitaremos este pueblo de personas de raza negra llamado &#8216;Khamlia&#8217;. Este pueblo es famoso en el desierto con sus negros que fueron esclavos hace mucho tiempo. Estas personas conocidas como Gnawa con su m\u00fasica soul, all\u00ed visitaremos la casa de m\u00fasica o una peque\u00f1a escuela de m\u00fasica. Nos dar\u00e1n la bienvenida con una taza de t\u00e9 y tomaremos un set para ver a estos hombres negros vestidos con un vestido blanco marroqu\u00ed llamado &#8216;Djjelaba&#8217;. Luego disfrutaremos de un breve baile musical de Gnawa antes de continuar a un restaurante en el mismo pueblo para el almuerzo. \u201cPizza bereber o cusc\u00fas por encargo\u201d.<br \/>\nDespu\u00e9s del almuerzo, nos dirigiremos de regreso al hotel. All\u00ed nos prepararemos para nuestra excursi\u00f3n en camello a la cima de las dunas de arena para ver la puesta de sol. A partir de ah\u00ed, continuaremos con los camellos a nuestro campamento bereber para cenar y pasar la noche bajo mil estrellas brillantes del desierto y un cielo tranquilo y apacible.<\/p>\n<h4>D\u00eda 5: Desierto de Merzouga &#8211; Rissani &#8211; Erfoud &#8211; Tinjdad &#8211; Gargantas de Todra &#8211; Gargantas de Dades<\/h4>\n<p>Despu\u00e9s del desayuno en el restaurante Camp, empacaremos nuestro equipaje para comenzar otro hermoso d\u00eda lleno de paisajes naturales. Viajaremos de las dunas de Merzouga a Rissani y Erfoud pasando por los campos del desierto negro con sus \u00e1rboles Accassia. De acuerdo con su elecci\u00f3n, podemos hacer una parada en uno de los talleres de f\u00f3siles de Erfoud para explorar c\u00f3mo hacen las mesas y los lavamanos con estos f\u00f3siles incre\u00edbles.<br \/>\nLuego continuamos nuestro camino hacia las gargantas de Todra, pasando por estos pueblos bereberes del Sahara medio. Al llegar a las gargantas de Todra, daremos un paseo entre los ca\u00f1ones, disfrutando de la brisa fresca y los sonidos de las cascadas.<br \/>\nDespu\u00e9s de un tiempo, continuaremos nuestra excursi\u00f3n viajando a los ca\u00f1ones de Dades. En el camino, cruzaremos el valle de Dades con sus Kasbahs bereberes en ambos lados con su borde panor\u00e1mico. All\u00ed, veremos estas rocas naturales llamadas &#8216;dedos de los monos&#8217; debido a su forma. Cena y alojamiento en un hotel.<\/p>\n<h4>D\u00eda 6: Gargantas del Dades &#8211; Valle de las Rosas &#8211; Ouarzazate &#8211; Ait Ben Haddou &#8211; Marrakech<\/h4>\n<p>Despu\u00e9s del desayuno, viajaremos a Ait Benhaddou Kasbah, pasando por el Valle de las Rosas con sus mil Kasbahs en ambos lados a lo largo del valle. Pasaremos por Kalaat M\u2019gouna, que es &#8216;la capital de la Rosa&#8217; y la ciudad de Ouarzazate, que se conoce como &#8216;el hollywood de \u00c1frica&#8217;. A 30 kil\u00f3metros de Ouarzazate, nos encontraremos con esta Kasbah de Ait Ben Haddou. Una de las Kasbahs m\u00e1s ex\u00f3ticas y mejor conservadas de toda la Regi\u00f3n del Atlas. La Kasbah ahora est\u00e1 bajo la protecci\u00f3n de la UNESCO y tiene magn\u00edficas vistas de las palmeras que la rodean y m\u00e1s all\u00e1. Visitaremos la Kasbah y exploraremos sus callejones de barro y escaleras de rocas. Despu\u00e9s, continuaremos a Marrakech pasando las altas monta\u00f1as del Atlas de Tizi-N-tichka. A su llegada, lo dejaremos en su hotel o riad con la esperanza de que haya disfrutado el recorrido con nuestro equipo. Fin del servicio.<\/p>\n","protected":false},"excerpt":{"rendered":"<p>D\u00eda 1: T\u00e1nger &#8211; Tetu\u00e1n &#8211; Chefchaouen Nos reuniremos con usted en el &#8216;Puerto, Hotel o Aeropuerto&#8217; de T\u00e1nger. Luego viajaremos a la ciudad azul de<span class=\"excerpt-hellip\"> [\u2026]<\/span><\/p>\n","protected":false},"author":1,"featured_media":0,"parent":0,"menu_order":0,"comment_status":"closed","ping_status":"closed","template":"","meta":{"footnotes":""},"class_list":["post-2428","page","type-page","status-publish","hentry"],"_links":{"self":[{"href":"https:\/\/happy-desert-trips.com\/es\/wp-json\/wp\/v2\/pages\/2428","targetHints":{"allow":["GET"]}}],"collection":[{"href":"https:\/\/happy-desert-trips.com\/es\/wp-json\/wp\/v2\/pages"}],"about":[{"href":"https:\/\/happy-desert-trips.com\/es\/wp-json\/wp\/v2\/types\/page"}],"author":[{"embeddable":true,"href":"https:\/\/happy-desert-trips.com\/es\/wp-json\/wp\/v2\/users\/1"}],"replies":[{"embeddable":true,"href":"https:\/\/happy-desert-trips.com\/es\/wp-json\/wp\/v2\/comments?post=2428"}],"version-history":[{"count":3,"href":"https:\/\/happy-desert-trips.com\/es\/wp-json\/wp\/v2\/pages\/2428\/revisions"}],"predecessor-version":[{"id":2551,"href":"https:\/\/happy-desert-trips.com\/es\/wp-json\/wp\/v2\/pages\/2428\/revisions\/2551"}],"wp:attachment":[{"href":"https:\/\/happy-desert-trips.com\/es\/wp-json\/wp\/v2\/media?parent=2428"}],"curies":[{"name":"wp","href":"https:\/\/api.w.org\/{rel}","templated":true}]}}