{"id":2426,"date":"2018-12-18T15:13:23","date_gmt":"2018-12-18T15:13:23","guid":{"rendered":"https:\/\/happy-desert-trips.com\/wp\/?page_id=2426&#038;lang=es"},"modified":"2018-12-19T14:39:40","modified_gmt":"2018-12-19T14:39:40","slug":"6-dias-de-casablanca-a-marrakech","status":"publish","type":"page","link":"https:\/\/happy-desert-trips.com\/es\/6-dias-de-casablanca-a-marrakech\/","title":{"rendered":"6 d\u00edas de Casablanca a Marrakech"},"content":{"rendered":"<h4>D\u00eda 1: CASABLANCA:<\/h4>\n<p>Su viaje comienza hoy en Casablanca. Le recogeremos en el aeropuerto y lo trasladaremos a su hotel \/ Riad. Visitaremos la cena de la medina de Casablanca.<\/p>\n<h4>D\u00eda 2: Casablanca &#8211; Rabat, Meknes, Fez.<\/h4>\n<p>Despu\u00e9s del desayuno visitaremos la magn\u00edfica Mezquita Hassan II y conoceremos los puntos m\u00e1s emblem\u00e1ticos de la ciudad. M\u00e1s tarde, contin\u00fae hacia Rabat, la capital administrativa del pa\u00eds, para hacer un breve recorrido panor\u00e1mico por el exterior del Palacio Real y sus jardines, la Torre Hassan y el Mausoleo de Mohamed V continuamos hacia Meknes para visitar la ciudad que est\u00e1 unida. Al nombre de Moulay Ismail, el gran sult\u00e1n de la dinast\u00eda Alouita. Visite la Medina amurallada, la puerta de Bab Mansour y la plaza el Hedim. Por la tarde llegamos a Fez. Cena y alojamiento en el hotel.<\/p>\n<h4>D\u00eda 3: Fez &#8211; visita guiada de Fez.<\/h4>\n<p>Visita de la ciudad cultural y espiritual del pa\u00eds y declarado Patrimonio Cultural Universal por la UNESCO &#8216;d\u00eda completo con una visita guiada a la m\u00e1s antigua de las ciudades imperiales. Fundada en 808 como la primera capital pol\u00edtica, religiosa y cultural. Iniciamos la visita por las puertas doradas del palacio real. Luego, desde un punto alto, miraremos la pared que encierra una medina impresionante y antigua. Que luego viajar\u00e1 desde la caminata experimentando los cientos de sensaciones que despierta. Descubriremos mezquitas y medresehs, karabansarais y sitios religiosos para llegar al barrio de los curtidores. Tiempo libre para el almuerzo (no incluido) y continuamos visitando el barrio de artesanos. Regreso a su hotel, cena y alojamiento en el hotel.<\/p>\n<h4>D\u00eda 4 &#8211; Fez &#8211; Ifrane &#8211; Midelt fue interrogado por &#8211; Erfoud &#8211; Merzouga.<\/h4>\n<p>Despu\u00e9s del desayuno salimos para Midelt fue interrogado por la pista de Azrou. M\u00e1s tarde, llegamos al bosque de cedros. Parada obligatoria para ver a los monos en libertad. Tambi\u00e9n visitaremos Ifrane (llamada la Suiza marroqu\u00ed). Continuamos ahora hacia Merzouga pasando por el valle de Ziz y Erfoud. Por la tarde, tomamos los camellos y salimos en un recorrido por las dunas por la noche en medio de las dunas bajo un n\u00f3mada de Haima.<\/p>\n<h4>D\u00eda 5 &#8211; Merzouga &#8211; Rissani &#8211; Gargantas de Todra &#8211; Ouarzazate.<\/h4>\n<p>Levantado temprano para ver el hermoso amanecer y subir a las dunas, luego monte los camellos en el albergue donde har\u00e1 el desayuno y contin\u00fae hasta las gargantas a trav\u00e9s de Rissani, donde lo aplaudir\u00e1 un poco para visitar su tradicional zoco que se considera el m\u00e1s grande. En todo el sur de Marruecos, continuaremos hacia el valle de las Rosas, los oasis de Skoura. Llegada a Ouarzazate y alojamiento en hotel.<\/p>\n<h4>D\u00eda 6 &#8211; Ouarzazate &#8211; Ait Ben Haddou &#8211; Alto Atlas &#8211; Marrakech.<\/h4>\n<p>Despu\u00e9s del desayuno, salida para la visita de la ciudad de Ouarzazate: Kasbah de Taourirt; estudios de cine; La kasbah de A\u00eft Ben Haddou. Luego, pasamos por la gente de Merzgane y la gente de tadart, almorzamos en el sitio. Continuamos a Marrakech por el camino asfaltado que atraviesa el puerto de Tizi-n-Tichka. Al final del d\u00eda, llegando a la gran ciudad de Marrakech.<\/p>\n","protected":false},"excerpt":{"rendered":"<p>D\u00eda 1: CASABLANCA: Su viaje comienza hoy en Casablanca. Le recogeremos en el aeropuerto y lo trasladaremos a su hotel \/ Riad. Visitaremos la cena de<span class=\"excerpt-hellip\"> [\u2026]<\/span><\/p>\n","protected":false},"author":1,"featured_media":0,"parent":0,"menu_order":0,"comment_status":"closed","ping_status":"closed","template":"","meta":{"footnotes":""},"class_list":["post-2426","page","type-page","status-publish","hentry"],"_links":{"self":[{"href":"https:\/\/happy-desert-trips.com\/es\/wp-json\/wp\/v2\/pages\/2426","targetHints":{"allow":["GET"]}}],"collection":[{"href":"https:\/\/happy-desert-trips.com\/es\/wp-json\/wp\/v2\/pages"}],"about":[{"href":"https:\/\/happy-desert-trips.com\/es\/wp-json\/wp\/v2\/types\/page"}],"author":[{"embeddable":true,"href":"https:\/\/happy-desert-trips.com\/es\/wp-json\/wp\/v2\/users\/1"}],"replies":[{"embeddable":true,"href":"https:\/\/happy-desert-trips.com\/es\/wp-json\/wp\/v2\/comments?post=2426"}],"version-history":[{"count":2,"href":"https:\/\/happy-desert-trips.com\/es\/wp-json\/wp\/v2\/pages\/2426\/revisions"}],"predecessor-version":[{"id":2549,"href":"https:\/\/happy-desert-trips.com\/es\/wp-json\/wp\/v2\/pages\/2426\/revisions\/2549"}],"wp:attachment":[{"href":"https:\/\/happy-desert-trips.com\/es\/wp-json\/wp\/v2\/media?parent=2426"}],"curies":[{"name":"wp","href":"https:\/\/api.w.org\/{rel}","templated":true}]}}