{"id":2424,"date":"2018-12-18T15:11:57","date_gmt":"2018-12-18T15:11:57","guid":{"rendered":"https:\/\/happy-desert-trips.com\/wp\/?page_id=2424&#038;lang=es"},"modified":"2018-12-19T14:38:49","modified_gmt":"2018-12-19T14:38:49","slug":"5-dias-desde-marrakech-a-fez","status":"publish","type":"page","link":"https:\/\/happy-desert-trips.com\/es\/5-dias-desde-marrakech-a-fez\/","title":{"rendered":"5 d\u00edas desde Marrakech a Fez"},"content":{"rendered":"<h4>D\u00eda 1: Marrakech &#8211; Monta\u00f1as del Alto Atlas &#8211; Ait Ben Haddou Kasbah &#8211; Ouarzazate.<\/h4>\n<p>Despu\u00e9s nos encontramos en el lugar que hab\u00edamos acordado. Iniciaremos nuestro recorrido hacia el sureste a trav\u00e9s del Alto Atlas a trav\u00e9s del paso Tizi N&#8217;tichka (2260 m de altitud), visitaremos la Kasbah de Ait Ben Haddou y haremos una parada para almorzar en un restaurante local que cruza el Atlas a unos 2.300 m con paradas para Disfruta de las espectaculares vistas que ofrece y contempla los pueblos bereberes. M\u00e1s tarde continuamos visitando la Kasbah de Ait Ben Haddou, reconocida por la UNISCO como patrimonio de la humanidad desde 1986, donde se realizaron muchas pel\u00edculas como Alexander, Gladiator, Babel &#8230; Por la tarde continuaremos nuestro camino hacia Ouarzazate &#8216;the Hollywood de \u00c1frica &#8216;y pare para fotografiar el estudio m\u00e1s grande de \u00c1frica&#8217; \u200b\u200bAtlas studio &#8216;. Cena y noche en Ouarzazate.<\/p>\n<h4>D\u00eda 2: Ouarzazate &#8211; Skoura &#8211; kelaat M\u2019gouna &#8211; valle del Dades<\/h4>\n<p>Despu\u00e9s de desayunar en el hotel, hoy conduciremos a Boumalne Dades a trav\u00e9s de Skoura para visitar la Kasbah de Amridil del siglo XVII, luego a la capital de las rosas, parar para estirar las piernas y tomar un caf\u00e9 y tomar el camino que lleva a las familias n\u00f3madas. vivir en cuevas y tomar una taza de t\u00e9 de menta, y almorzar en un restaurante local, luego continuar hacia el valle de Dades, cenar y pasar la noche en el hotel.<\/p>\n<h4>D\u00eda 3: Valle de Dades &#8211; Desfiladero de Todra &#8211; Tinejdad &#8211; Erfoud &#8211; Desierto de Merzouga.<\/h4>\n<p>Despu\u00e9s del desayuno, comenzaremos nuestro d\u00eda conduciendo hacia Erg-Chebbi a trav\u00e9s de Tineghir, la antigua capital marroqu\u00ed de la joyer\u00eda bereber, y visitaremos el desfiladero de Todra en nuestro camino. Tendremos muchas paradas para disfrutar de vistas panor\u00e1micas, luego nos dirigiremos a Touroug para almorzar. Por la tarde continuaremos nuestro camino hacia el desierto de Erg-chebbi pasando por la ciudad de Erfoud, la capital de los f\u00f3siles y Rissani, luego a las cautivadoras dunas de Erg Chebbi, (Merzouga). Llegada al hotel donde pasar\u00e1 la noche.<\/p>\n<h4>D\u00eda 4: Merzouga &#8211; Hassi labied &#8211; Khamlia &#8211; Familia n\u00f3mada &#8211; Sitio f\u00f3sil &#8211; Recorrido por las dunas<\/h4>\n<p>El primer d\u00eda en el desierto comenzar\u00e1 conduciendo hacia el pueblo de Khamlia, vivido por bereberes de piel negra para disfrutar de su incre\u00edble m\u00fasica con diferentes bailes, contin\u00fae por un camino a una familia n\u00f3mada para descubrir su estilo de vida y tomar una taza de t\u00e9 y luego contin\u00fae nuestro de camino y haga una parada de una hora y media para almorzar a la sombra de un \u00e1rbol t\u00edpico del desierto. Por la tarde regresaremos al hotel para tomar una taza de t\u00e9 de menta y relajarnos para prepararnos para el paseo en camello hacia el campamento que durar\u00e1 aproximadamente 1 hora y 30 minutos disfrutando de la fabulosa puesta de sol y el abordaje de esqu\u00ed desde la cima de la siguiente monta\u00f1a. duna al campamento, Si\u00e9ntete como un n\u00f3mada mientras pasas la noche bajo un cielo iluminado por millones de estrellas y en medio de la m\u00fasica bereber.<\/p>\n<h4>D\u00eda 5: Erg Chebbi Dunes &#8211; Valle de Ziz &#8211; Midelt &#8211; Azrou &#8211; Ifrane &#8211; Fez<\/h4>\n<p>Aseg\u00farese de levantarse temprano para tomar fotos de la salida del sol desde la parte superior de la siguiente arena m\u00e1s alta despu\u00e9s del desayuno, regresar\u00e1 en su camello al hotel. Luego, conduciremos hacia Fez a trav\u00e9s de Erfoud, la ciudad de los f\u00f3siles y fechas para Visite un taller local de artesan\u00eda f\u00f3sil, luego cruce las monta\u00f1as del atlas medio y alto disfrutando de las vistas panor\u00e1micas y almuerce en Midelt. Por la tarde continuaremos nuestro camino hacia la Suiza de Marruecos, pasando por el bosque de cedros, disfrutar viendo a los monjes. Llegando a Fez y soltando en su alojamiento,<\/p>\n","protected":false},"excerpt":{"rendered":"<p>D\u00eda 1: Marrakech &#8211; Monta\u00f1as del Alto Atlas &#8211; Ait Ben Haddou Kasbah &#8211; Ouarzazate. Despu\u00e9s nos encontramos en el lugar que hab\u00edamos acordado. Iniciaremos nuestro<span class=\"excerpt-hellip\"> [\u2026]<\/span><\/p>\n","protected":false},"author":1,"featured_media":0,"parent":0,"menu_order":0,"comment_status":"closed","ping_status":"closed","template":"","meta":{"footnotes":""},"class_list":["post-2424","page","type-page","status-publish","hentry"],"_links":{"self":[{"href":"https:\/\/happy-desert-trips.com\/es\/wp-json\/wp\/v2\/pages\/2424","targetHints":{"allow":["GET"]}}],"collection":[{"href":"https:\/\/happy-desert-trips.com\/es\/wp-json\/wp\/v2\/pages"}],"about":[{"href":"https:\/\/happy-desert-trips.com\/es\/wp-json\/wp\/v2\/types\/page"}],"author":[{"embeddable":true,"href":"https:\/\/happy-desert-trips.com\/es\/wp-json\/wp\/v2\/users\/1"}],"replies":[{"embeddable":true,"href":"https:\/\/happy-desert-trips.com\/es\/wp-json\/wp\/v2\/comments?post=2424"}],"version-history":[{"count":3,"href":"https:\/\/happy-desert-trips.com\/es\/wp-json\/wp\/v2\/pages\/2424\/revisions"}],"predecessor-version":[{"id":2548,"href":"https:\/\/happy-desert-trips.com\/es\/wp-json\/wp\/v2\/pages\/2424\/revisions\/2548"}],"wp:attachment":[{"href":"https:\/\/happy-desert-trips.com\/es\/wp-json\/wp\/v2\/media?parent=2424"}],"curies":[{"name":"wp","href":"https:\/\/api.w.org\/{rel}","templated":true}]}}