{"id":2422,"date":"2018-12-18T15:11:23","date_gmt":"2018-12-18T15:11:23","guid":{"rendered":"https:\/\/happy-desert-trips.com\/wp\/?page_id=2422&#038;lang=es"},"modified":"2018-12-19T14:37:56","modified_gmt":"2018-12-19T14:37:56","slug":"5-dias-desde-fes-a-marrakech-via-merzouga","status":"publish","type":"page","link":"https:\/\/happy-desert-trips.com\/es\/5-dias-desde-fes-a-marrakech-via-merzouga\/","title":{"rendered":"5 d\u00edas desde Fes a Marrakech v\u00eda Merzouga"},"content":{"rendered":"<h4>D\u00eda 1: Fez &#8211; Ifrane &#8211; Azrou &#8211; Midelt &#8211; Valle de Ziz &#8211; Erfoud &#8211; Merzouga<\/h4>\n<p>Despu\u00e9s del desayuno, salida hacia Midelt a trav\u00e9s de las monta\u00f1as y los bosques de cedros del Atlas Medio. Pasamos por Ifrane, una encantadora estaci\u00f3n de esqu\u00ed y Azrou, un importante centro de artesan\u00eda especializado en el trabajo con madera de cedro. Despu\u00e9s de pasar Zad (2178m \/ 7146ft) pararemos en Midelt para el almuerzo. Por la tarde, nuestra ruta desciende a Erfoud a trav\u00e9s de las gargantas y el valle de Ziz salpicado de palmeras datileras. Continuamos hacia las dunas de arena de Erg Chebbi. Cena y alojamiento en la kasbah.<\/p>\n<h4>D\u00eda 2: Tour de las dunas de Merzouga.<\/h4>\n<p>Despu\u00e9s del desayuno, realizar\u00e1 el gran recorrido por las dunas, dos oasis de Merzouga, los n\u00f3madas del desierto, el pueblo de KHAMLIA (pueblo de los negros), las minas MIFISS, la meseta del desierto para encontrarse con los n\u00f3madas bereberes y el oasis de TISSARDMINE. De vuelta en el albergue alrededor de las 15:00 pm para el inicio de su caravana de camellos para ver la puesta de sol en las dunas (aproximadamente una hora y media de caminata en camello). Pasaremos la noche en tiendas de campa\u00f1a en las dunas donde podr\u00e1 disfrutar del silencio del cielo del desierto lleno de estrellas. Cena y alojamiento en una tienda privada.<\/p>\n<h4>d\u00eda 3: merzouga &#8211; rissani &#8211; tinghir &#8211; gargantas de todra &#8211; garganta de dades<\/h4>\n<p>Despierta temprano para ver el amanecer y luego en camello de regreso a las dunas. Despu\u00e9s del desayuno y una ducha, nos dirigimos a Rissani y Erfoud para visitar la f\u00e1brica de m\u00e1rmol fosilizado antes de continuar hacia la palma de Touroug y Tinjdad. Todra Gorge ser\u00e1 nuestra parada para el almuerzo. Por la tarde, continuaremos por el desfiladero de Dades a trav\u00e9s de Boumalne. Cena y alojamiento en el hotel.<\/p>\n<h4>d\u00eda 4: gorges du dades &#8211; kelaam\u2019gouna &#8211; skoura &#8211; ouarzazate<\/h4>\n<p>Despu\u00e9s del desayuno, regresamos al Valle de Dades y tomamos la carretera a Boutaghrar, donde todos los colores de la naturaleza se encuentran. Nuestro camino es la ruta de mil kasbahs, aqu\u00ed el camino recorre las kasbahs y ksours, el Valle de Roses y el palmeral de Skoura. Hay una opci\u00f3n para visitar la Kasbah Amredhyle. Tambi\u00e9n visitaremos Kasbah A\u00eft Benhaddou, patrimonio de la UNESCO y para pasar la noche en un hotel en Ouarzazate.<\/p>\n<h4>D\u00eda 5: Marrakech:<\/h4>\n<p>Despu\u00e9s del desayuno, salida hacia Marrakech a trav\u00e9s del paso de alta monta\u00f1a Tizi N\u2019Tichka (2260m de altitud), llegada a Marrakech. Tendremos un recorrido cultural por Marrakech. Fin de nuestros servicios.<\/p>\n","protected":false},"excerpt":{"rendered":"<p>D\u00eda 1: Fez &#8211; Ifrane &#8211; Azrou &#8211; Midelt &#8211; Valle de Ziz &#8211; Erfoud &#8211; Merzouga Despu\u00e9s del desayuno, salida hacia Midelt a trav\u00e9s de<span class=\"excerpt-hellip\"> [\u2026]<\/span><\/p>\n","protected":false},"author":1,"featured_media":0,"parent":0,"menu_order":0,"comment_status":"closed","ping_status":"closed","template":"","meta":{"footnotes":""},"class_list":["post-2422","page","type-page","status-publish","hentry"],"_links":{"self":[{"href":"https:\/\/happy-desert-trips.com\/es\/wp-json\/wp\/v2\/pages\/2422","targetHints":{"allow":["GET"]}}],"collection":[{"href":"https:\/\/happy-desert-trips.com\/es\/wp-json\/wp\/v2\/pages"}],"about":[{"href":"https:\/\/happy-desert-trips.com\/es\/wp-json\/wp\/v2\/types\/page"}],"author":[{"embeddable":true,"href":"https:\/\/happy-desert-trips.com\/es\/wp-json\/wp\/v2\/users\/1"}],"replies":[{"embeddable":true,"href":"https:\/\/happy-desert-trips.com\/es\/wp-json\/wp\/v2\/comments?post=2422"}],"version-history":[{"count":2,"href":"https:\/\/happy-desert-trips.com\/es\/wp-json\/wp\/v2\/pages\/2422\/revisions"}],"predecessor-version":[{"id":2546,"href":"https:\/\/happy-desert-trips.com\/es\/wp-json\/wp\/v2\/pages\/2422\/revisions\/2546"}],"wp:attachment":[{"href":"https:\/\/happy-desert-trips.com\/es\/wp-json\/wp\/v2\/media?parent=2422"}],"curies":[{"name":"wp","href":"https:\/\/api.w.org\/{rel}","templated":true}]}}