{"id":2420,"date":"2018-12-18T15:10:49","date_gmt":"2018-12-18T15:10:49","guid":{"rendered":"https:\/\/happy-desert-trips.com\/wp\/?page_id=2420&#038;lang=es"},"modified":"2018-12-19T14:37:12","modified_gmt":"2018-12-19T14:37:12","slug":"4-dias-a-fez-via-erg-chebbi-dunes-marrakech","status":"publish","type":"page","link":"https:\/\/happy-desert-trips.com\/es\/4-dias-a-fez-via-erg-chebbi-dunes-marrakech\/","title":{"rendered":"4 D\u00edas a Fez Via Erg Chebbi Dunes Marrakech"},"content":{"rendered":"<h4>D\u00eda 1: Fes &#8211; Ifrane &#8211; Azrou &#8211; Midelt &#8211; Valle de Ziz &#8211; Erg Chebbi Dunes.<\/h4>\n<p>Recojo de su hotel en Fez con mucho entusiasmo y salida hacia el sur de Marruecos. Tendr\u00e1 una parada en Ifrane, conocida como la regi\u00f3n suiza de Marruecos para disfrutar de su belleza y tener fotos memorables. Despu\u00e9s de eso, te dirigir\u00e1s hacia Azrou para ver a los monjes en el bosque de cedros. Continuando a Midelt para un almuerzo en un restaurante. Por la tarde, cruzaremos el paso de TIZI N TALGHAMT para llegar a Errachidia mientras admiramos las vistas de las gargantas de Ziz. M\u00e1s adelante, tendr\u00e1 una parada para una vista panor\u00e1mica del valle de Ziz. El viaje contin\u00faa hasta Erg Chebbi Dunes pasando por Aoufous y Erfoud (el \u00faltimo es famoso con f\u00f3siles y fechas) donde es posible que desee visitar un taller local de artesan\u00eda de f\u00f3siles. Despu\u00e9s de eso continuar\u00e1s a las cautivadoras dunas de Erg Chebbi, estas dunas tambi\u00e9n se llaman Merzouga Dunes. Llegada al hotel donde pasar\u00e1 la noche. Cena y desayuno en el hotel.<\/p>\n<h4>D\u00eda 2: Merzouga &#8211; Hassi labied &#8211; Khamlia &#8211; Familia n\u00f3mada &#8211; Sitio f\u00f3sil &#8211; Recorrido por las dunas<\/h4>\n<p>Esta ma\u00f1ana, despu\u00e9s del desayuno en el hotel, haremos un recorrido por las dunas en 4 \u00d7 4, lo que le permitir\u00e1 visitar las rocas volc\u00e1nicas negras de los f\u00f3siles, visitar a una familia n\u00f3mada que vive en una tienda de campa\u00f1a, visitar el pueblo de Khamlia y disfrutar de su m\u00fasica espiritual. Gnawa, y visite el lago Dayte Sarji que se forma en primavera y que atrae a flamencos rosados \u200b\u200by vida silvestre. Luego tendr\u00e1 un descanso para almorzar en Merzouga o Hassi Labied. Despu\u00e9s del almuerzo, ver\u00e1 el sistema de riego del canal y pasear\u00e1 por el oasis ubicado al pie de las dunas. Contin\u00fae hasta su hotel para relajarse. Llegue al hotel y prep\u00e1rese para una caminata en camello durante una hora y media para disfrutar de la puesta de sol. Mientras se encuentra en la parte posterior de su dromedario, continuar\u00e1 hasta el campamento para pasar la noche en la tienda n\u00f3mada tradicional. Cene y pase la noche en un campamento en medio de las dunas.<\/p>\n<h4>D\u00eda 3: Erg Chebbi Dune-Erfoud-Tinejdad-Todra Gorges-Boumalne Du Dades-Kelaa M\u2019gouna<\/h4>\n<p>Despierte temprano en la ma\u00f1ana para disfrutar del amanecer en la cima de la duna en el desierto del Sahara y luego tome su desayuno. Despu\u00e9s de estos hermosos momentos, regresar\u00e1 en su camello al hotel donde podr\u00e1 ducharse. Partimos hacia Tineghir pasando por Erfoud y Tinejdad. Tener un descanso para el almuerzo. Por la tarde, continuaremos a las gargantas de Todra a trav\u00e9s de Tineghir. Parando en el camino para tomar fotos y admirar las vistas. Llegada a las gargantas de Todra para disfrutar de las maravillosas vistas de los ca\u00f1ones mientras se camina a pie. M\u00e1s tarde, nos dirigimos a Boumalne du dades o Kalaa M\u2019gouna y paramos para ver el valle de Dades. Cena y alojamiento en el hotel.<\/p>\n<h4>D\u00eda 4: Boumalne Du Dades-Kelaa M\u2019gouna-Ouarzazate-Ait Benhaddou-Tizi N\u2019tichka Pass-Marrakech<\/h4>\n<p>Esta ma\u00f1ana, despu\u00e9s del desayuno en el hotel, salimos a Ouarzazate a trav\u00e9s de Skoura. Parando para una vista panor\u00e1mica de la kasbah de Taourirt y luego otra parada para tomar fotos cerca de los estudios de atlas. Despu\u00e9s, visitar\u00e1 la Kasbah de Ait Ben Haddou y se detendr\u00e1 a almorzar en un restaurante local en el pueblo. Por la tarde, conduciremos a Marrakech sobre las monta\u00f1as del alto Atlas pasando por el paso Tizi N\u2019tichka (2260 m de altitud). Dejar en Marrakech<\/p>\n","protected":false},"excerpt":{"rendered":"<p>D\u00eda 1: Fes &#8211; Ifrane &#8211; Azrou &#8211; Midelt &#8211; Valle de Ziz &#8211; Erg Chebbi Dunes. Recojo de su hotel en Fez con mucho entusiasmo<span class=\"excerpt-hellip\"> [\u2026]<\/span><\/p>\n","protected":false},"author":1,"featured_media":0,"parent":0,"menu_order":0,"comment_status":"closed","ping_status":"closed","template":"","meta":{"footnotes":""},"class_list":["post-2420","page","type-page","status-publish","hentry"],"_links":{"self":[{"href":"https:\/\/happy-desert-trips.com\/es\/wp-json\/wp\/v2\/pages\/2420","targetHints":{"allow":["GET"]}}],"collection":[{"href":"https:\/\/happy-desert-trips.com\/es\/wp-json\/wp\/v2\/pages"}],"about":[{"href":"https:\/\/happy-desert-trips.com\/es\/wp-json\/wp\/v2\/types\/page"}],"author":[{"embeddable":true,"href":"https:\/\/happy-desert-trips.com\/es\/wp-json\/wp\/v2\/users\/1"}],"replies":[{"embeddable":true,"href":"https:\/\/happy-desert-trips.com\/es\/wp-json\/wp\/v2\/comments?post=2420"}],"version-history":[{"count":2,"href":"https:\/\/happy-desert-trips.com\/es\/wp-json\/wp\/v2\/pages\/2420\/revisions"}],"predecessor-version":[{"id":2543,"href":"https:\/\/happy-desert-trips.com\/es\/wp-json\/wp\/v2\/pages\/2420\/revisions\/2543"}],"wp:attachment":[{"href":"https:\/\/happy-desert-trips.com\/es\/wp-json\/wp\/v2\/media?parent=2420"}],"curies":[{"name":"wp","href":"https:\/\/api.w.org\/{rel}","templated":true}]}}