{"id":2418,"date":"2018-12-18T15:08:48","date_gmt":"2018-12-18T15:08:48","guid":{"rendered":"https:\/\/happy-desert-trips.com\/wp\/?page_id=2418&#038;lang=es"},"modified":"2018-12-19T14:37:30","modified_gmt":"2018-12-19T14:37:30","slug":"4-dias-desde-marrakech-a-fez-a-traves-del-desierto-de-merzouga","status":"publish","type":"page","link":"https:\/\/happy-desert-trips.com\/es\/4-dias-desde-marrakech-a-fez-a-traves-del-desierto-de-merzouga\/","title":{"rendered":"4 d\u00edas desde Marrakech a Fez a trav\u00e9s del desierto de Merzouga"},"content":{"rendered":"<h4>D\u00eda 1: Marrakech &#8211; Ait Ben Haddou &#8211; Dades Gorge<\/h4>\n<p>Saldremos a las 8 am desde Marrakech hasta el valle de Dades. Conducimos a trav\u00e9s de las monta\u00f1as del Alto Atlas, en el paso de Tichka, las altas monta\u00f1as del Atlas. Tendremos tiempo para disfrutar de impresionantes paisajes y caser\u00edos bereberes, tambi\u00e9n disfrutaremos de un descanso para tomar un caf\u00e9 o un t\u00e9 de menta en una zona agradable. Por la tarde tendremos la oportunidad de visitar el Ait Benhaddou Kasbah (como ha sido nombrado por la UNESCO). Esta Kasbah bereber, que es un lugar muy importante para los cineastas internacionales (aqu\u00ed se rodaron m\u00e1s de 20 pel\u00edculas). Tambi\u00e9n fue una de las fortalezas de fortaleza m\u00e1s importantes de la antigua Ruta de la Sal, donde las caravanas tra\u00edan esclavos, oro, marfil y sal. Luego pasaremos por la ciudad de Ouarzazate, que se llama Hollywood de \u00c1frica. Despu\u00e9s de Ouarzazate, continuaremos hacia el valle de Dades, a trav\u00e9s de la munoun, Skoura (pueblos bereberes alrededor del valle) y pasaremos la noche en el valle de Dades.<\/p>\n<h4>D\u00eda 2: Dades Gorge &#8211; Todra Gorge &#8211; Merzouga<\/h4>\n<p>Despu\u00e9s del desayuno, conduciremos por el valle para ver la asombrosa formaci\u00f3n rocosa, \u201clos dedos de los monos\u201d y tambi\u00e9n la Kasbah de Ait Yul, que a\u00fan permanece en pie en el siglo XIX. Salimos del valle de Dades hacia Tinrghir y el valle de Todra y ver\u00e1n vistas panor\u00e1micas de la antigua villa de barro bereber con vistas a este valle. En el desfiladero caminaremos por debajo de un acantilado rojo de 300 m de altura, donde muchos escaladores vienen a disfrutar de este deporte.<\/p>\n<p>Continuaremos hacia Erfoud y Rissani, donde almorzaremos antes de irnos a la aldea de Merzouga, donde ser\u00e1n recibidos con un vaso de t\u00e9 de menta antes de registrarse en nuestro hotel \/ Riad.<\/p>\n<h4>D\u00eda 3: Merzouga y la caminata en camello.<\/h4>\n<p>Despu\u00e9s del desayuno, comenzaremos a explorar el \u00e1rea, visitaremos el pueblo de Gnawi, originalmente esclavos de Sud\u00e1n, para experimentar su m\u00fasica y estilo de vida (pueblo de Khamlia). Cerca de este pueblo se puede ver el lago de Merzouga, con sus flamencos. Tambi\u00e9n puede visitar la casa de la alameda n\u00f3mada, donde muchas artesan\u00edas de Berber est\u00e1n vendiendo sus productos a buenos precios. Por la tarde, estar\u00e1 listo para su paseo en camello, guiado por un experimentado gu\u00eda en camellos, explorar\u00e1 el mar de arena del Erg-Chebbi durante 2-3 horas antes de pasar la noche bajo las estrellas. Si lo prefiere, puede dormir en una tienda n\u00f3mada tradicional bereber.<\/p>\n<h4>D\u00eda 4: Merzouga &#8211; Fez<\/h4>\n<p>Tu gu\u00eda de camellos te despertar\u00e1 temprano en la ma\u00f1ana y tendr\u00e1s un cambio para ver el mejor amanecer de tu vida. Luego, disfrutar\u00e1 de un viaje en camello de regreso a su hotel \/ riad, cruzando dunas \u00fanicas de Erg Chebbi, cambiando con la luz a medida que avanza el d\u00eda.<\/p>\n<p>Despu\u00e9s de un sabroso desayuno en la casa de hu\u00e9spedes local, viajaremos a Fez a trav\u00e9s de Erfoud, Aoufous y Errachidia a lo largo de las magn\u00edficas gargantas de Ziz excavadas en roca volc\u00e1nica y por el paso de Tizi Ntalghamt a Midelt. Nos detendremos en Zaida para disfrutar de una barbacoa y refrescarnos con una taza de t\u00e9 de menta, luego continuaremos hacia Azrou, un pueblo bereber en las monta\u00f1as del Atlas Medio. Aqu\u00ed nos detendremos para ver a los monos b\u00e1rbaros en el famoso bosque de cedros. Luego nos dirigimos a Ifrane &#8211; &#8216;el pueblo franc\u00e9s&#8217;, parando para tomar una foto y beber antes de llegar a Fes, donde termina el recorrido.<\/p>\n","protected":false},"excerpt":{"rendered":"<p>D\u00eda 1: Marrakech &#8211; Ait Ben Haddou &#8211; Dades Gorge Saldremos a las 8 am desde Marrakech hasta el valle de Dades. Conducimos a trav\u00e9s de<span class=\"excerpt-hellip\"> [\u2026]<\/span><\/p>\n","protected":false},"author":1,"featured_media":0,"parent":0,"menu_order":0,"comment_status":"closed","ping_status":"closed","template":"","meta":{"footnotes":""},"class_list":["post-2418","page","type-page","status-publish","hentry"],"_links":{"self":[{"href":"https:\/\/happy-desert-trips.com\/es\/wp-json\/wp\/v2\/pages\/2418","targetHints":{"allow":["GET"]}}],"collection":[{"href":"https:\/\/happy-desert-trips.com\/es\/wp-json\/wp\/v2\/pages"}],"about":[{"href":"https:\/\/happy-desert-trips.com\/es\/wp-json\/wp\/v2\/types\/page"}],"author":[{"embeddable":true,"href":"https:\/\/happy-desert-trips.com\/es\/wp-json\/wp\/v2\/users\/1"}],"replies":[{"embeddable":true,"href":"https:\/\/happy-desert-trips.com\/es\/wp-json\/wp\/v2\/comments?post=2418"}],"version-history":[{"count":3,"href":"https:\/\/happy-desert-trips.com\/es\/wp-json\/wp\/v2\/pages\/2418\/revisions"}],"predecessor-version":[{"id":2545,"href":"https:\/\/happy-desert-trips.com\/es\/wp-json\/wp\/v2\/pages\/2418\/revisions\/2545"}],"wp:attachment":[{"href":"https:\/\/happy-desert-trips.com\/es\/wp-json\/wp\/v2\/media?parent=2418"}],"curies":[{"name":"wp","href":"https:\/\/api.w.org\/{rel}","templated":true}]}}