{"id":2416,"date":"2018-12-18T15:07:31","date_gmt":"2018-12-18T15:07:31","guid":{"rendered":"https:\/\/happy-desert-trips.com\/wp\/?page_id=2416&#038;lang=es"},"modified":"2018-12-19T14:36:33","modified_gmt":"2018-12-19T14:36:33","slug":"3-dias-desde-marrakech-a-merzouga","status":"publish","type":"page","link":"https:\/\/happy-desert-trips.com\/es\/3-dias-desde-marrakech-a-merzouga\/","title":{"rendered":"3 d\u00edas desde Marrakech a Merzouga"},"content":{"rendered":"<h4>D\u00eda 1:<\/h4>\n<p>Durante esta emocionante excursi\u00f3n de 3 d\u00edas de Marrakech a Merzouga por el desierto, viajar\u00e1 con estilo en nuestro c\u00f3modo minib\u00fas con aire acondicionado. Nuestro gu\u00eda de habla inglesa lo recoger\u00e1 de su hotel de Marrakech a las 7:15 am y lo acompa\u00f1ar\u00e1 al punto de partida de la excursi\u00f3n. Nuestro viaje comenzar\u00e1 mientras viajamos por la cordillera del Atlas y nos dirigimos a la famosa Kasbah en Ait Ben Haddou. Una vez que fue una ciudad muy importante, Ait Ben Haddou se ha convertido en un sitio hist\u00f3rico de renombre y en un destino tur\u00edstico extremadamente popular. Realmente es un lugar de maravilla y un lugar donde sentir\u00e1 que ha dado un paso atr\u00e1s en el tiempo hasta los d\u00edas de los antiguos mercados comerciales, los n\u00f3madas del desierto y los gladiadores. Cada momento que pase en esta Kasbah es una oportunidad fotogr\u00e1fica.<\/p>\n<p>Nuestro almuerzo se tomar\u00e1 en la Kasbah una vez que haya finalizado su visita guiada. Al salir de Kasbah Ait Ben Haddou, nos dirigiremos a la ciudad de Ouarzazate, a menudo llamada La Puerta al Desierto, donde se han filmado muchas pel\u00edculas taquilleras; Pel\u00edculas como Lawrence de Arabia y The Mummy. Aqu\u00ed descansaremos en un Caf\u00e9 antes de mudarnos al Valle de Dades, y aqu\u00ed pasar\u00e1s una agradable velada relajada en una casa de hu\u00e9spedes privada. Su alojamiento incluye un ba\u00f1o privado y disfrutar\u00e1 de una suntuosa cena marroqu\u00ed.<\/p>\n<h4>Dia 2:<\/h4>\n<p>El d\u00eda dos, te despertar\u00e1s con un abundante desayuno en la casa de hu\u00e9spedes, despu\u00e9s de lo cual partiremos hacia Todra Gorge. Este desfiladero te dejar\u00e1 sin aliento porque el paisaje es simplemente impresionante. Una vez m\u00e1s, hay incre\u00edbles oportunidades para tomar fotos aqu\u00ed, \u00a1para asegurarse de que su c\u00e1mara est\u00e9 cargada y lista para funcionar! Despu\u00e9s de un almuerzo relajante, viajaremos a Merzouga.<br \/>\nSu memorable estad\u00eda de una noche en nuestro aislado campamento en el desierto En Merzouga, la verdadera diversi\u00f3n comienza cuando comienza la parte de su aventura en camello. Montados en camellos, atravesaremos las dunas de arena de Erg Chebbi y llegaremos a nuestro aislado campamento del desierto bereber, donde pasaremos una noche incre\u00edble juntos. Experimentar\u00e1 una suntuosa cena marroqu\u00ed, seguida de un agradable desayuno a la ma\u00f1ana siguiente. Luego nos prepararemos para nuestro \u00faltimo d\u00eda juntos mientras nos dirigimos de regreso a Marrakech.<\/p>\n<h4>D\u00eda 3:<\/h4>\n<p>Nuestro trekking en camello continuar\u00e1 el tercer d\u00eda mientras nos dirigimos de regreso a Merzouga. Viajaremos por el valle del Draa y experimentaremos las magn\u00edficas vistas de Rissani; nuevamente, fabulosas oportunidades para tomar fotos mientras estudias la arquitectura de los palacios, templos y portales marroqu\u00edes. Luego, continuamos con el tramo final de nuestro recorrido, donde recorreremos Nqob y Tamnougalt antes de llegar una vez m\u00e1s a la ciudad de Ouarzazate. Disfrutaremos de un almuerzo relajado en uno de los muchos caf\u00e9s antes de finalmente regresar a trav\u00e9s de las Monta\u00f1as del Atlas, donde nuestro viaje terminar\u00e1 en la ciudad de Marrakech aproximadamente a las 8 pm.<\/p>\n","protected":false},"excerpt":{"rendered":"<p>D\u00eda 1: Durante esta emocionante excursi\u00f3n de 3 d\u00edas de Marrakech a Merzouga por el desierto, viajar\u00e1 con estilo en nuestro c\u00f3modo minib\u00fas con aire acondicionado.<span class=\"excerpt-hellip\"> [\u2026]<\/span><\/p>\n","protected":false},"author":1,"featured_media":0,"parent":0,"menu_order":0,"comment_status":"closed","ping_status":"closed","template":"","meta":{"footnotes":""},"class_list":["post-2416","page","type-page","status-publish","hentry"],"_links":{"self":[{"href":"https:\/\/happy-desert-trips.com\/es\/wp-json\/wp\/v2\/pages\/2416","targetHints":{"allow":["GET"]}}],"collection":[{"href":"https:\/\/happy-desert-trips.com\/es\/wp-json\/wp\/v2\/pages"}],"about":[{"href":"https:\/\/happy-desert-trips.com\/es\/wp-json\/wp\/v2\/types\/page"}],"author":[{"embeddable":true,"href":"https:\/\/happy-desert-trips.com\/es\/wp-json\/wp\/v2\/users\/1"}],"replies":[{"embeddable":true,"href":"https:\/\/happy-desert-trips.com\/es\/wp-json\/wp\/v2\/comments?post=2416"}],"version-history":[{"count":2,"href":"https:\/\/happy-desert-trips.com\/es\/wp-json\/wp\/v2\/pages\/2416\/revisions"}],"predecessor-version":[{"id":2542,"href":"https:\/\/happy-desert-trips.com\/es\/wp-json\/wp\/v2\/pages\/2416\/revisions\/2542"}],"wp:attachment":[{"href":"https:\/\/happy-desert-trips.com\/es\/wp-json\/wp\/v2\/media?parent=2416"}],"curies":[{"name":"wp","href":"https:\/\/api.w.org\/{rel}","templated":true}]}}