{"id":2414,"date":"2018-12-18T15:06:52","date_gmt":"2018-12-18T15:06:52","guid":{"rendered":"https:\/\/happy-desert-trips.com\/wp\/?page_id=2414&#038;lang=es"},"modified":"2018-12-19T14:36:05","modified_gmt":"2018-12-19T14:36:05","slug":"3-dias-desde-fes-a-fes-desert-tour","status":"publish","type":"page","link":"https:\/\/happy-desert-trips.com\/es\/3-dias-desde-fes-a-fes-desert-tour\/","title":{"rendered":"3 D\u00edas desde Fes a Fes Desert Tour"},"content":{"rendered":"<h4>D\u00eda 1: Fes &#8211; Ifrane &#8211; Azrou &#8211; Midelt &#8211; Valle de Ziz &#8211; Erg Chebbi Dunes.<\/h4>\n<p>Recojo de su hotel en Fez muy temprano y salida hacia el sur de Marruecos.<\/p>\n<p>Tendr\u00e1 una parada en Ifrane, conocida como la Suiza de Marruecos para disfrutar de su belleza y tener fotos memorables. Despu\u00e9s de eso, te dirigir\u00e1s hacia Azrou para ver a los monos en el bosque de cedros.<\/p>\n<p>Continuando a Midelt para un almuerzo en un restaurante. Por la tarde, cruzaremos el paso de TIZI N TALGHAMT para llegar a Errachidia mientras admiramos las vistas de las gargantas de Ziz.<\/p>\n<p>M\u00e1s adelante, tendr\u00e1 una parada para una vista panor\u00e1mica del valle de Ziz.<\/p>\n<p>El viaje contin\u00faa hasta Erg Chebbi Dunes pasando por Aoufous y Erfoud (el \u00faltimo es famoso con f\u00f3siles y fechas) donde es posible que desee visitar un taller local de artesan\u00eda de f\u00f3siles.<\/p>\n<p>Despu\u00e9s de eso continuar\u00e1s a las cautivadoras dunas de Erg Chebbi, estas dunas tambi\u00e9n se llaman Merzouga Dunes. Cene y pase la noche en una habitaci\u00f3n en un hotel \/ Auberge junto a las dunas.<\/p>\n<h4>D\u00eda 2: Dunas Tour en el desierto del Sahara.<\/h4>\n<p>Esta ma\u00f1ana, despu\u00e9s del desayuno en el Auberge, haremos un recorrido por las dunas en 4 \u00d7 4, lo que le permitir\u00e1 visitar las rocas volc\u00e1nicas negras de los f\u00f3siles de m\u00e1rmol, visitar a una familia n\u00f3mada que vive en una tienda de campa\u00f1a, visitar el pueblo de Khamlia, famoso por sus negros y entretenimiento. Con su m\u00fasica espiritual de Gnawa, y visite el lago Dayte Sarji que se forma en la primavera y que atrae a los flamencos rosados \u200b\u200by la vida silvestre.<\/p>\n<p>Tendr\u00e1 un descanso para almorzar en Merzouga o Hassi Labied. Despu\u00e9s del almuerzo, ver\u00e1 el sistema de riego del canal y pasear\u00e1 por el oasis ubicado al pie de las dunas.<\/p>\n<p>Contin\u00fae hasta su hotel para relajarse y prep\u00e1rese para una caminata en camello durante una hora y media para disfrutar de la puesta de sol. Mientras se encuentra en la parte posterior de su dromedario, continuar\u00e1 hasta el campamento para pasar la noche en la tienda n\u00f3mada tradicional.<\/p>\n<p>Cene y pase la noche en un campamento en medio de las dunas.<\/p>\n<h4>D\u00eda 3: Erg Chebbi Dunes &#8211; Fes<\/h4>\n<p>Despierte temprano en la ma\u00f1ana para disfrutar del amanecer en la cima de la duna en el desierto del Sahara y luego tome su desayuno. Despu\u00e9s de estos hermosos momentos, regresar\u00e1 en su camello al hotel donde podr\u00e1 ducharse. M\u00e1s tarde, lo trasladaremos a Fez, lo dejaremos en Fes en su direcci\u00f3n que le proporcion\u00f3 anteriormente.<\/p>\n","protected":false},"excerpt":{"rendered":"<p>D\u00eda 1: Fes &#8211; Ifrane &#8211; Azrou &#8211; Midelt &#8211; Valle de Ziz &#8211; Erg Chebbi Dunes. Recojo de su hotel en Fez muy temprano y<span class=\"excerpt-hellip\"> [\u2026]<\/span><\/p>\n","protected":false},"author":1,"featured_media":0,"parent":0,"menu_order":0,"comment_status":"closed","ping_status":"closed","template":"","meta":{"footnotes":""},"class_list":["post-2414","page","type-page","status-publish","hentry"],"_links":{"self":[{"href":"https:\/\/happy-desert-trips.com\/es\/wp-json\/wp\/v2\/pages\/2414","targetHints":{"allow":["GET"]}}],"collection":[{"href":"https:\/\/happy-desert-trips.com\/es\/wp-json\/wp\/v2\/pages"}],"about":[{"href":"https:\/\/happy-desert-trips.com\/es\/wp-json\/wp\/v2\/types\/page"}],"author":[{"embeddable":true,"href":"https:\/\/happy-desert-trips.com\/es\/wp-json\/wp\/v2\/users\/1"}],"replies":[{"embeddable":true,"href":"https:\/\/happy-desert-trips.com\/es\/wp-json\/wp\/v2\/comments?post=2414"}],"version-history":[{"count":3,"href":"https:\/\/happy-desert-trips.com\/es\/wp-json\/wp\/v2\/pages\/2414\/revisions"}],"predecessor-version":[{"id":2541,"href":"https:\/\/happy-desert-trips.com\/es\/wp-json\/wp\/v2\/pages\/2414\/revisions\/2541"}],"wp:attachment":[{"href":"https:\/\/happy-desert-trips.com\/es\/wp-json\/wp\/v2\/media?parent=2414"}],"curies":[{"name":"wp","href":"https:\/\/api.w.org\/{rel}","templated":true}]}}