{"id":2412,"date":"2018-12-18T15:06:10","date_gmt":"2018-12-18T15:06:10","guid":{"rendered":"https:\/\/happy-desert-trips.com\/wp\/?page_id=2412&#038;lang=es"},"modified":"2018-12-19T14:35:19","modified_gmt":"2018-12-19T14:35:19","slug":"2-dias-de-marrakech-al-desierto-de-zagora","status":"publish","type":"page","link":"https:\/\/happy-desert-trips.com\/es\/2-dias-de-marrakech-al-desierto-de-zagora\/","title":{"rendered":"2 d\u00edas de Marrakech al desierto de Zagora"},"content":{"rendered":"<h4>D\u00eda 1 Marrakech a Zagora<\/h4>\n<p>Salida temprano por la ma\u00f1ana hacia Zagora, situada en el sur de Marruecos, en el distrito de Souss-Massa-Daraa. Cruzaremos las atractivas monta\u00f1as del alto atlas por Tizi n \u2019Tichka y nos dirigiremos a la ciudad de Ait Ben Haddou, donde haremos una parada para explorar sus kasbahs fortificadas, uno de los sitios del Patrimonio Mundial de la UNESCO. Con su ex\u00f3tica kasbah, Ait Ben Haddou es un gran lugar para filmar y aqu\u00ed se filmaron numerosas pel\u00edculas en todo el mundo (La momia, el gladiador, Lawrence de Arabia y el precio de Persia &#8230;). Despu\u00e9s de almorzar en uno de los grandes restaurantes de Ouarzazate (Hollywood de Marruecos), continuaremos nuestro viaje hacia Zagora, cruzaremos las monta\u00f1as del Anti Atlas y la ciudad bereber de Agdez, con un gran n\u00famero de palmeras en el camino de la Draa. Valle la fecha m\u00e1s grande palmera valle en Marruecos. Cuando llegues a Zagora, comenzar\u00e1s la caminata en camello por el desierto por las arenas de arena mientras observas el atardecer y llegas al campamento. Despu\u00e9s de una deliciosa cena, tendr\u00e1 la oportunidad de ver el cielo estrellado m\u00e1s impresionante debajo de los tambores en la obra. Durante la noche de los 2 d\u00edas Marrakech Zagora desierto tour en las tiendas de campa\u00f1a.<\/p>\n<h4>D\u00eda 2 Zagora Dunes &#8211; Alto Atlas &#8211; Marrakech<\/h4>\n<p>Te despertamos temprano en la ma\u00f1ana para ver las primeras luces m\u00e1gicas del sol y el amanecer. Despu\u00e9s de un desayuno tradicional en el bivouac, regresamos en camello a Zagora para encontrarnos con su conductor y luego regresamos a Marrakech. En el camino, tendr\u00e1 tiempo libre en Ouarzazate para almorzar en un restaurante local, luego contin\u00fae hacia Marrakech a trav\u00e9s de las monta\u00f1as del Atlas. Fin de nuestro tour y servicio por el desierto de Marrakech Zagora de 2 d\u00edas.<\/p>\n","protected":false},"excerpt":{"rendered":"<p>D\u00eda 1 Marrakech a Zagora Salida temprano por la ma\u00f1ana hacia Zagora, situada en el sur de Marruecos, en el distrito de Souss-Massa-Daraa. Cruzaremos las atractivas<span class=\"excerpt-hellip\"> [\u2026]<\/span><\/p>\n","protected":false},"author":1,"featured_media":0,"parent":0,"menu_order":0,"comment_status":"closed","ping_status":"closed","template":"","meta":{"footnotes":""},"class_list":["post-2412","page","type-page","status-publish","hentry"],"_links":{"self":[{"href":"https:\/\/happy-desert-trips.com\/es\/wp-json\/wp\/v2\/pages\/2412","targetHints":{"allow":["GET"]}}],"collection":[{"href":"https:\/\/happy-desert-trips.com\/es\/wp-json\/wp\/v2\/pages"}],"about":[{"href":"https:\/\/happy-desert-trips.com\/es\/wp-json\/wp\/v2\/types\/page"}],"author":[{"embeddable":true,"href":"https:\/\/happy-desert-trips.com\/es\/wp-json\/wp\/v2\/users\/1"}],"replies":[{"embeddable":true,"href":"https:\/\/happy-desert-trips.com\/es\/wp-json\/wp\/v2\/comments?post=2412"}],"version-history":[{"count":2,"href":"https:\/\/happy-desert-trips.com\/es\/wp-json\/wp\/v2\/pages\/2412\/revisions"}],"predecessor-version":[{"id":2537,"href":"https:\/\/happy-desert-trips.com\/es\/wp-json\/wp\/v2\/pages\/2412\/revisions\/2537"}],"wp:attachment":[{"href":"https:\/\/happy-desert-trips.com\/es\/wp-json\/wp\/v2\/media?parent=2412"}],"curies":[{"name":"wp","href":"https:\/\/api.w.org\/{rel}","templated":true}]}}