{"id":2410,"date":"2018-12-18T15:05:21","date_gmt":"2018-12-18T15:05:21","guid":{"rendered":"https:\/\/happy-desert-trips.com\/wp\/?page_id=2410&#038;lang=es"},"modified":"2018-12-19T14:35:33","modified_gmt":"2018-12-19T14:35:33","slug":"2-dias-desde-fes-marrakech-via-merzouga","status":"publish","type":"page","link":"https:\/\/happy-desert-trips.com\/es\/2-dias-desde-fes-marrakech-via-merzouga\/","title":{"rendered":"2 D\u00edas desde Fes Marrakech v\u00eda Merzouga"},"content":{"rendered":"<h4>D\u00eda 1: Fes \u2013Ifrane-Midelt \u2013 Valle del Ziz &#8211; Merzouga<\/h4>\n<p>Fez Marrakech Sahara Desert Tour 1 noche 2 d\u00edas, a partir de las 07:00 a las 08:00 Recogida en el hotel \/ riad. Conduzca hasta Merzouga. Luego, nos detendremos en el bosque de monos para ver simios de Barbary (monos) que saltan de las ramas de los \u00e1rboles m\u00e1s altos, adem\u00e1s de una visita a los n\u00f3madas locales que viven en una cueva con t\u00e9 de menta para aprender m\u00e1s sobre su forma de vida y Informaci\u00f3n sobre su cultura e historia bereber marroqu\u00ed. Despu\u00e9s de eso, nos mudaremos juntos a Ifrane o como se conoce a la &#8216;peque\u00f1a Suiza&#8217; establecida por los franceses en 1930 para ver el famoso punto de referencia, el Le\u00f3n de piedra.<\/p>\n<p>13: 00H Continuaremos camino a la ciudad de Midelt, donde almorzaremos en el REST local.<\/p>\n<p>En la tarde, cruzaremos \/ pasaremos TIZEN TALGHAMT para llegar a Errachidia para ver las admiradoras vistas de las Gargantas de Ziz y, m\u00e1s tarde, parar en el valle de Ziz para ver las vistas panor\u00e1micas y tomar fotograf\u00edas.<\/p>\n<p>16.00H contin\u00fae hasta Erg Chebbi Dunes pasando por Erfoud, donde visitaremos un taller local de artesan\u00eda de f\u00f3siles.<\/p>\n<p>Continuar hasta Merzouga. A su llegada, traslado a su hotel para guardar su equipaje.<\/p>\n<p>18.00: Su gu\u00eda local lo estar\u00e1 esperando para llevarlo en camello y disfrutar de un atractivo atardecer en tiendas n\u00f3madas donde disfrutar\u00e1 de una agradable cena bajo el cielo estrellado, aire dulce y fresco en el desierto de Marruecos con un espect\u00e1culo bereber para ver un espectacular espect\u00e1culo bereber en Marruecos. Folklore alrededor de un pozo de fuego central donde los m\u00fasicos tocan tambores, baila especialmente para ti. Adem\u00e1s, no solo escuchar\u00e1s y bailar\u00e1s, tambi\u00e9n intentar\u00e1s cantar solo. Dado que los tambores que vibran son fabulosos, disfrutar\u00e1s de una comida tradicional bereber &#8216;\u2033 tajine bereber&#8217; y tomar t\u00e9 de menta mientras te sientas en cojines y pasar\u00e1s una noche m\u00edtica como si estuvieras en un hotel de 1000 estrellas o m\u00e1s. Pasaremos la noche en carpas des\u00e9rticas.<\/p>\n<h4>D\u00eda 2: Traslado de Merzouga a Marrakech.<\/h4>\n<p>Despi\u00e9rtate temprano para disfrutar del amanecer en las dunas del Sahara. Despu\u00e9s de eso, viaje en camello de regreso al hotel para disfrutar de un delicioso desayuno. Entonces, prep\u00e1rate para un incre\u00edble viaje a Marrakech pasando por las gargantas de Todra, el valle de Todra, Kelaat Mgouna, el valle de Dades, Sakura, Ouarzazate. Almuerzo, en Ait Ben Haddou Kasbah, contin\u00fae nuestro viaje cruzando las monta\u00f1as del Alto Atlas, el paso Tizi n\u2019Tichka (2260 m de altitud) mientras disfruta de unas vistas magn\u00edficas y pueblos bereberes en el camino.<\/p>\n<p>18:00 A la llegada a Marrakech, traslado al Hotel \/ Riad. Fin de Fez Marrakech Sahara Desert Tour 1 Noche 2 D\u00edas.<\/p>\n","protected":false},"excerpt":{"rendered":"<p>D\u00eda 1: Fes \u2013Ifrane-Midelt \u2013 Valle del Ziz &#8211; Merzouga Fez Marrakech Sahara Desert Tour 1 noche 2 d\u00edas, a partir de las 07:00 a las<span class=\"excerpt-hellip\"> [\u2026]<\/span><\/p>\n","protected":false},"author":1,"featured_media":0,"parent":0,"menu_order":0,"comment_status":"closed","ping_status":"closed","template":"","meta":{"footnotes":""},"class_list":["post-2410","page","type-page","status-publish","hentry"],"_links":{"self":[{"href":"https:\/\/happy-desert-trips.com\/es\/wp-json\/wp\/v2\/pages\/2410","targetHints":{"allow":["GET"]}}],"collection":[{"href":"https:\/\/happy-desert-trips.com\/es\/wp-json\/wp\/v2\/pages"}],"about":[{"href":"https:\/\/happy-desert-trips.com\/es\/wp-json\/wp\/v2\/types\/page"}],"author":[{"embeddable":true,"href":"https:\/\/happy-desert-trips.com\/es\/wp-json\/wp\/v2\/users\/1"}],"replies":[{"embeddable":true,"href":"https:\/\/happy-desert-trips.com\/es\/wp-json\/wp\/v2\/comments?post=2410"}],"version-history":[{"count":3,"href":"https:\/\/happy-desert-trips.com\/es\/wp-json\/wp\/v2\/pages\/2410\/revisions"}],"predecessor-version":[{"id":2539,"href":"https:\/\/happy-desert-trips.com\/es\/wp-json\/wp\/v2\/pages\/2410\/revisions\/2539"}],"wp:attachment":[{"href":"https:\/\/happy-desert-trips.com\/es\/wp-json\/wp\/v2\/media?parent=2410"}],"curies":[{"name":"wp","href":"https:\/\/api.w.org\/{rel}","templated":true}]}}