{"id":2408,"date":"2018-12-18T15:03:48","date_gmt":"2018-12-18T15:03:48","guid":{"rendered":"https:\/\/happy-desert-trips.com\/wp\/?page_id=2408&#038;lang=es"},"modified":"2018-12-19T14:34:52","modified_gmt":"2018-12-19T14:34:52","slug":"12-dias-desde-el-tour-por-el-desierto-de-tanger-merzouga","status":"publish","type":"page","link":"https:\/\/happy-desert-trips.com\/es\/12-dias-desde-el-tour-por-el-desierto-de-tanger-merzouga\/","title":{"rendered":"12 D\u00edas desde el Tour por el Desierto de T\u00e1nger Merzouga"},"content":{"rendered":"<h4>DIA 1: AEROPUERTO DE TANGER:<\/h4>\n<p>Llegada y recogida por nuestros gu\u00edas en el aeropuerto o en el puerto de T\u00e1nger y traslado al hotel. Posibilidad de visitar la antigua medina, la cena y el alojamiento en T\u00e1nger seg\u00fan la categor\u00eda de hotel seleccionada.<\/p>\n<h4>DIA 2: TANGER &#8211; MEKNES &#8211; FES:<\/h4>\n<p>Despu\u00e9s del desayuno, salida en direcci\u00f3n a Fez, haciendo una parada en Larache para comer. Continuamos hacia la ciudad de Moulay Ismail-Meknes, famosa por su monumental puerta de Bab Mansour y las murallas de su ciudad. Llegada a Fez, cena y alojamiento en Riad en la medina.<\/p>\n<h4>DIA 3: FEZ \u201cCITY TOUR CON GUIA LOCAL\u201d<\/h4>\n<p>Visita a la ciudad de Fez. Cuando entramos en las calles de su medina, sentimos que el tiempo retrocede: la estructura sindical todav\u00eda est\u00e1 presente en el trabajo, la estrechez de sus calles no permite otros medios de transporte que los burros y un hormigueo constante de personas se mueve a trav\u00e9s del laberinto. Nos sorprender\u00e1n calles en medio de las cuales barrios como el de los andaluces y magn\u00edficas mezquitas y escuelas cor\u00e1nicas. Fez siempre se ha asociado con el estudio y la religiosidad, y sigue siendo la capital espiritual de Marruecos. Despu\u00e9s de visitar la medina, otra opci\u00f3n es caminar sin rumbo por las calles de Fez-Jdid, donde se encuentran el palacio real, el mellah y la mezquita m\u00e1s antigua de Fez. Cena y alojamiento en Riad.<\/p>\n<h4>4 DIA: FES &#8211; IFRANE &#8211; AZROU &#8211; BOSQUE CEDRO &#8211; MID\u00c9LT &#8211; VALLE DE ZIZ &#8211; DESIERTO DE MERZOUGA<\/h4>\n<p>Recoja del Riad a las 8 am, y dir\u00edjase hacia el sur para cruzar las monta\u00f1as del Atlas Medio hasta llegar a Ifrane, llamada la peque\u00f1a Suiza marroqu\u00ed debido a su gran parecido con ese pa\u00eds. Uno de los animales que una vez habit\u00f3 aqu\u00ed fue el le\u00f3n Atlas, por lo que se ha convertido en el s\u00edmbolo de la ciudad y al que se ha dedicado una estatua de piedra en el centro de la misma. Aprovecharemos la oportunidad para parar y tomar algunas fotos. Luego cruzaremos los famosos bosques de cedros y podremos admirar el Gran Cedro Gouraud, el cedro milenario m\u00e1s grande de la regi\u00f3n, y tambi\u00e9n alimentar a los cientos de monos de Gibraltar que viven en la zona. Almuerza en Mid\u00e9lt o Rich y desde aqu\u00ed la tierra se vuelve \u00e1rida y llena de espectaculares formaciones geol\u00f3gicas y profundos valles verdes, como el valle de Ziz. Comenzaremos a ver la arquitectura t\u00edpica de adobe, palmeras, algunas Kasbahs distantes &#8230; estamos a las puertas del desierto. Despu\u00e9s de una hora despu\u00e9s de Erfoud, llegamos a las impresionantes dunas de Merzouga y despu\u00e9s del T\u00e9 de hospitalidad, dejaremos las maletas en las habitaciones y subiremos a las primeras dunas que est\u00e1n al lado del hotel y aprovecharemos para disfrutar de la hermosa puesta de sol. . Cena y alojamiento en el hotel.<\/p>\n<h4>5 D\u00cdA: MERZOUGA &#8211; ERG &#8211; CHEBBI &#8211; FAMILIAS NOMADICAS &#8211; MONTANDO EN DROMEDARIO &#8211; NOCHE EN HAIMAS EN EL CORAZ\u00d3N DEL DESIERTO<\/h4>\n<p>Ya estamos en el desierto y hoy ser\u00e1 un d\u00eda para descubrir lo mejor del desierto. Despu\u00e9s de un copioso y rico desayuno, recorreremos el Erg Chebbi, una extensi\u00f3n de desierto de arena donde se encuentra la Gran Duna de Marruecos, de m\u00e1s de 250 metros de altitud, y conectaremos por v\u00eda con parte de la ruta seguida por El antiguo Par\u00eds-Dakar y con las monta\u00f1as que bordean Argelia al fondo. Det\u00e9ngase en el oasis de Tissardmin, donde podemos encontrar una raza de Fossiles que a\u00fan se encuentra en esta regi\u00f3n y continuaremos hacia un asentamiento n\u00f3mada donde conoceremos algunos de los secretos de su vida y sus costumbres. M\u00e1s tarde, det\u00e9ngase en un punto panor\u00e1mico donde podamos contemplar el Erg Chebbi en su totalidad. Llegaremos al pueblo de Khamlia, originario de Mali, donde nos relajaremos con un t\u00e9 mientras disfrutamos de un peque\u00f1o concierto de m\u00fasica espiritual de Gnawa. Regreso al hotel para salir en una caravana de camellos para ingresar al coraz\u00f3n de las dunas y contemplar un atardecer inolvidable. Llegaremos con los dromedarios al campamento donde nos alojaremos en Haimas. Tiendas hechas con pelo dromedario, como las que usan los n\u00f3madas del desierto. Cena y noche en Haimas, en el coraz\u00f3n del desierto, bajo un espectacular cielo estrellado.<\/p>\n<h4>DIA 6: DESIERTO DE MERZOUGA &#8211; MERCADO DE RISSANI &#8211; VALLE DE TODRA &#8211; GRANJAS DEL DAD\u00c9S<\/h4>\n<p>Despu\u00e9s de la salida del sol, ya que est\u00e1n en el desierto, se recomienda levantarse temprano para caminar hasta la duna m\u00e1s alta que rodea el campamento para disfrutar de la salida del sol y de este paisaje relajante que ofrece la naturaleza, regresaremos en camellos al pueblo de Merzouga. Despu\u00e9s de un rico desayuno, debemos despedirnos del desierto e iremos a Rissani donde visitaremos su mercado, continuaremos nuestra ruta hacia Erfoud, donde tambi\u00e9n existe la posibilidad de visitar la f\u00e1brica de m\u00e1rmol fosilizado antes de continuar hacia la palma. Arboledas de Touroug y Tinjdad. 1 hora despu\u00e9s llegaremos a uno de los puntos m\u00e1s fuertes del Alto Atlas: las Gargantas de Todra. El cauce del r\u00edo Todra ha formado un desfiladero de paredes verticales de enormes proporciones y de gran belleza; Es un para\u00edso para los escaladores y un lugar \u00fanico. Se recomienda almorzar en el sitio y una caminata de media hora para ver y disfrutar en detalle de las Gargantas. En la tarde<\/p>\n<h4>D\u00cdA 7: LAS DADES GORGES &#8211; VALL\u00c9 DE ROSAS &#8211; OASIS DE SKOURA &#8211; KASBAH AMRIDEL &#8211; OUARZAZATE:<\/h4>\n<p>Despu\u00e9s de nuestro desayuno, disfrutamos disfrutando de una de las mejores vistas del Valle de Dades. Lo haremos desde uno de los lugares m\u00e1s estrat\u00e9gicos que nos ofrecen las monta\u00f1as. Desde all\u00ed podemos observar la cantidad de kasbah que hay y lo pintoresco de cada uno de ellos, luego salir a una carretera salpicada de varias Kasbah de gran inter\u00e9s hasta llegar a la Kasbah de A\u00eft Youl, donde haremos un desv\u00edo e iremos. Recorreremos pistas en lo m\u00e1s profundo del Alto Atlas Central, descubriendo paisajes espectaculares. Visitaremos una familia n\u00f3mada que a\u00fan vive en cuevas en el Vall\u00e9 de Boutagrar, donde el tiempo parece haberse detenido. Veremos monta\u00f1as, ca\u00f1ones y valles, as\u00ed como las grutas donde los n\u00f3madas todav\u00eda viven en las monta\u00f1as. Llegada al Vall\u00e9 de las Rosas para reunir a Kelaa M&#8217;Gouna. Almuerzo en el pueblo y por la tarde pasaremos por el oasis de Skoura, llegada a Ouarzazate, cena y alojamiento en hotel. .<\/p>\n<h4>D\u00cdA 8: VITA DE OUARZAZATE CON SU ESTUDIO &#8211; AIT BEN HADDOU KASBAH &#8211; MONTA\u00d1AS DE ALTO ATLAS &#8211; MARRAKECH.<\/h4>\n<p>La ma\u00f1ana est\u00e1 dedicada a la visita de Ouarzazate: kasbah de Taourirt, estudios de cine. Luego nos dirigiremos a la ciudad fortificada de Ait Ben Haddou, donde visitaremos su famosa Kasbah (declarada Patrimonio de la Humanidad por la UNESCO en 1986). En este escenario espectacular, pel\u00edculas famosas como Gladiator (2000), Lerance de Arabia (1962), Sahara (2005), La Mummy (1999) &#8230;<\/p>\n<p>Almuerzo en el pueblo y por la tarde saldremos hacia Marrakech cruzando el puerto de monta\u00f1a de Tizi Ntichka con paradas para tomar fotos. Aqu\u00ed dejaremos atr\u00e1s el paisaje lunar que dar\u00e1 paso a los colores predominantes verde, ocre, etc. Llegada a Marrakech por la tarde, traslado a Riad u hotel.<\/p>\n<h4>D\u00cdA 9: MARRAKECH &#8216;VISITA DE LA GRAN CIUDAD CON GU\u00cdA LOCAL&#8217;<\/h4>\n<p>Tendr\u00e1 una visita guiada para descubrir las diferentes fachadas de Marrakech, una ciudad famosa por su plaza Jemaa el Fna, que ocupar\u00e1 gran parte de nuestro tiempo: una amalgama de aromas, sonidos y sensaciones irrepetibles. La ciudad tambi\u00e9n tiene innumerables lugares para pasear y disfrutar: los Jardines de Majorelle, Menara, las Tumbas Saadianas, pasea por la medina o mellah, la ruta de las murallas, la ciudad moderna (Gueliz) con sus formas de vida occidentales. Cena y alojamiento en hotal \/ riad.<\/p>\n<h4>DIA 10: MARRAKECH &#8211; CASABLANCA:<\/h4>\n<p>Despu\u00e9s del desayuno y salida hacia Casablanca, que es la capital econ\u00f3mica de Marruecos y la m\u00edtica ciudad a orillas del Oc\u00e9ano Atl\u00e1ntico, fascinante arquitectura. Visitaremos su famosa \u00e1rea de playa La Corniche y la mezquita Hassan II, la mezquita m\u00e1s grande del mundo, cena y alojamiento en el hotel.<\/p>\n<h4>DIA 11: CASABLANCA &#8211; RABAT &#8211; ASILAH:<\/h4>\n<p>Despu\u00e9s del desayuno y salida hacia Rabat, visitaremos la capital de Marruecos, el Palacio Real, el mausoleo de Mohammed V, la Torre Hassan, Kasbah Oudaya, por la tarde continuaremos a la ciudad de Asilah para visitar su hermosa Medina blanca. Cena y alojamiento en el Hotel en Asilah.<\/p>\n<h4>DIA 12: ASILAH &#8211; TANGER:<\/h4>\n<p>Despu\u00e9s del desayuno y traslado al aeropuerto o puerto seg\u00fan el horario de vuelo o bote en T\u00e1nger. Aqu\u00ed nuestros servicios y final de nuestro viaje est\u00e1n terminados. \u201cMarruecos aventuras ex\u00f3ticas\u201d.<\/p>\n","protected":false},"excerpt":{"rendered":"<p>DIA 1: AEROPUERTO DE TANGER: Llegada y recogida por nuestros gu\u00edas en el aeropuerto o en el puerto de T\u00e1nger y traslado al hotel. Posibilidad de<span class=\"excerpt-hellip\"> [\u2026]<\/span><\/p>\n","protected":false},"author":1,"featured_media":0,"parent":0,"menu_order":0,"comment_status":"closed","ping_status":"closed","template":"","meta":{"footnotes":""},"class_list":["post-2408","page","type-page","status-publish","hentry"],"_links":{"self":[{"href":"https:\/\/happy-desert-trips.com\/es\/wp-json\/wp\/v2\/pages\/2408","targetHints":{"allow":["GET"]}}],"collection":[{"href":"https:\/\/happy-desert-trips.com\/es\/wp-json\/wp\/v2\/pages"}],"about":[{"href":"https:\/\/happy-desert-trips.com\/es\/wp-json\/wp\/v2\/types\/page"}],"author":[{"embeddable":true,"href":"https:\/\/happy-desert-trips.com\/es\/wp-json\/wp\/v2\/users\/1"}],"replies":[{"embeddable":true,"href":"https:\/\/happy-desert-trips.com\/es\/wp-json\/wp\/v2\/comments?post=2408"}],"version-history":[{"count":2,"href":"https:\/\/happy-desert-trips.com\/es\/wp-json\/wp\/v2\/pages\/2408\/revisions"}],"predecessor-version":[{"id":2536,"href":"https:\/\/happy-desert-trips.com\/es\/wp-json\/wp\/v2\/pages\/2408\/revisions\/2536"}],"wp:attachment":[{"href":"https:\/\/happy-desert-trips.com\/es\/wp-json\/wp\/v2\/media?parent=2408"}],"curies":[{"name":"wp","href":"https:\/\/api.w.org\/{rel}","templated":true}]}}