{"id":2406,"date":"2018-12-18T15:01:37","date_gmt":"2018-12-18T15:01:37","guid":{"rendered":"https:\/\/happy-desert-trips.com\/wp\/?page_id=2406&#038;lang=es"},"modified":"2018-12-19T14:33:47","modified_gmt":"2018-12-19T14:33:47","slug":"10-dias-desde-tanger-hasta-el-desierto-de-merzouga","status":"publish","type":"page","link":"https:\/\/happy-desert-trips.com\/es\/10-dias-desde-tanger-hasta-el-desierto-de-merzouga\/","title":{"rendered":"10 d\u00edas desde T\u00e1nger hasta el desierto de Merzouga"},"content":{"rendered":"<h4>D\u00eda 1: Recojo en Port Tanger y luego nos dirigimos a Chefcaouan.<\/h4>\n<p>Al llegar, nos reuniremos con usted en el puerto que lo llevar\u00e1 a las monta\u00f1as del Rif y la ciudad de Tetoun para disfrutar de las vistas de las hermosas monta\u00f1as hasta que lleguemos a Chefchaouan, una de las aldeas m\u00e1s hermosas a los pies de las monta\u00f1as rif. una plaza de estilo espa\u00f1ol rodeada de muchas tiendas de artesan\u00eda y funky, restaurantes en la azotea y caf\u00e9s donde pasar\u00e1 la noche en un lugar agradable para disfrutar de la brisa y la belleza de la naturaleza.<\/p>\n<h4>D\u00eda 2: Chefchaouan &#8211; Volubilis &#8211; Meknes &#8211; Fes:<\/h4>\n<p>Despu\u00e9s de su desayuno en el riad, nuestro aut\u00e9ntico viaje comenzar\u00e1 hacia el cruce de Volubilis a trav\u00e9s de Wazan y otras aldeas de rifles, en Volubilis descubriremos las ruinas romanas donde podr\u00e1 descubrir el sitio arqueol\u00f3gico de la historia marroqu\u00ed, despu\u00e9s de la visita de las ruinas cambiaremos nuestra Camino a la ciudad de Meknes, el patrimonio del siglo XVII, donde nos detendremos para almorzar y pasar el rato por las enormes murallas hist\u00f3ricas de la medina, bab el mansour y disfrutar de una visita al santuario de Moulay Ismail. Despu\u00e9s de la visita de Meknes, nos dirigiremos directamente a la ciudad de Fez, donde pasar\u00e1 la noche en el riad.<\/p>\n<h4>D\u00eda 3: descubrimiento de Fez.<\/h4>\n<p>Su puerta se encontrar\u00e1 con usted en el Riad, que comenzar\u00e1 a explorar la ciudad m\u00e1s antigua de Marruecos, caminando por sus callejuelas y peque\u00f1as calles. La visita comienza visitando la puerta del Palacio Real, la sede jud\u00eda, la primera Mellah construida en Marruecos, construida durante el siglo XVI. Nos aseguraremos de que visite todos los sitios con inter\u00e9s cultural e hist\u00f3rico, como la famosa Universidad Al Qaraouine, la m\u00e1s antigua de la regi\u00f3n, las curtiembres, el museo Attarine y el mausoleo Mulay Idriss. Despu\u00e9s del almuerzo, visitar\u00e1 la cooperativa de azulejos y luego experimentar\u00e1 una maravillosa vista panor\u00e1mica de toda la Medina de Fez.<\/p>\n<h4>D\u00eda 4: Fes &#8211; Ifran &#8211; Midalet &#8211; Valle de Ziz &#8211; Erfoud &#8211; Erg Chabbi:<\/h4>\n<p>Pasar\u00e1 este d\u00eda por el fascinante paso de Tiz Ntalghamt y el desfiladero de Ziz, observando las vistas de la meseta del Alto Atlas, notar\u00e1 c\u00f3mo el paisaje cambia para revelar indicios del desierto a medida que se acerca a la ciudad de Medalit. Almorzaremos y disfrutaremos de la hospitalidad bereber. Luego, viajar\u00e1 a lo largo del exuberante valle de Ziz, deteni\u00e9ndose para disfrutar de vistas panor\u00e1micas en el camino hacia Erfoud y Rissani. Llegada a Merzouga por la tarde. Le daremos la bienvenida con un vaso de t\u00e9 de menta antes de registrarse en su riad. (HB).<\/p>\n<h4>DIA 5: Erg Chabbi &#8211; desierto del Sahara &#8211; caminata en camello:<\/h4>\n<p>Despu\u00e9s del desayuno en su riad, puede explorar el \u00e1rea local antes de comenzar su paseo en camello; Visitar\u00e1 a la gente Gnawa, originaria de Mali, Senegal y Sud\u00e1n, en su aldea Khamlia, donde aprender\u00e1 sobre su m\u00fasica y su estilo de vida. M\u00e1s tarde, conduciremos en el \u00e1rea del desierto para reunirnos con familias n\u00f3madas y explorar su forma de vida. Hoy nuestro almuerzo ser\u00e1 una comida tradicional bereber (pizza bereber). Tambi\u00e9n tendr\u00e1 la opci\u00f3n de visitar la antigua ciudad de Rissani, la fundaci\u00f3n de la dinast\u00eda Alaouite, la actual familia real gobernante en Marruecos. Rissani est\u00e1 rodeada por unos 360 ksar (un pueblo fortificado con muchas torres) y tiene un gran zoco (un mercado abierto), que se realiza tres veces por semana. Una vez llamado Sijilmassa, este fue el lugar de reuni\u00f3n de las caravanas de sal, procedentes de Tombouctou en Mali. Aqu\u00ed caminar\u00e1s por el zoco, vendiendo especias, verduras y pa\u00f1os. Conducir de regreso a la aldea de Merzouga. Por la tarde, usted montar\u00e1 su camello, guiado por un experimentado camellero para explorar lo que est\u00e1 escondido en medio de las dunas de arena m\u00e1s altas de Marruecos. La cena se servir\u00e1 en frente de la tienda donde pasar\u00e1 la noche.<\/p>\n<h4>D\u00eda 6: Erg Chabbi &#8211; Gargantas de Toudgha &#8211; Valle de Dades:<\/h4>\n<p>Es tu oportunidad de ver el espect\u00e1culo del amanecer, cuando el color de las dunas y el juego de sombras son una vista impresionante. Despu\u00e9s del desayuno, puede dar un paseo en camello por un par de horas (o menos; depende de usted) antes de ir a las gargantas de Toudgha para el almuerzo. El camino pasa por Tinjdad y el valle de Toudgha. Aqu\u00ed hay un mont\u00f3n de occaison para caminar, como a lo largo del r\u00edo a trav\u00e9s de los jardines o por la carretera al otro lado de las gargantas. M\u00e1s tarde, el itinerario contin\u00faa hasta el valle del Dades y las gargantas del Dades por la noche en un hotel.<\/p>\n<h4>D\u00eda 7: Valle de Dades &#8211; Ouarzazte &#8211; Ait Ben Haddou &#8211; Marrakech:<\/h4>\n<p>Despu\u00e9s del desayuno, viajaremos por el valle del Dades hacia Kalaa M\u2019gouna y Ouarzazate. La ruta a trav\u00e9s del Valle de Dades es el camino de los mil kasbah, que brindan numerosas oportunidades para tomar algunas de sus mejores fotograf\u00edas del viaje. Nos detendremos en Ait Ben Haddou Kasbah para almorzar, la Kasbah m\u00e1s grande de Marruecos, construida por T-hami. El Glaoui, uno de los \u00faltimos jefes bereberes de principios del siglo XX, sol\u00eda ser una de sus paradas durante su largo viaje desde el Sahara a Marrakech. Ahora, la kasbah es uno de los sitios de patrimonio de la UNESCO. despu\u00e9s de eso, cambiaremos el camino para cruzar altas monta\u00f1as del atlas llenas de vistas panor\u00e1micas y atractivos pueblos bereberes a lo largo del camino hasta Marrakech. Durante la noche en un riad de lujo en la medina.<\/p>\n<h4>D\u00eda 8: Marrakech city tour:<\/h4>\n<p>Un d\u00eda cultural e hist\u00f3rico, despu\u00e9s del desayuno, puede comenzar a explorar Marrakech, &#8216;la ciudad roja de Marruecos&#8217;. Nos aseguraremos de ver los lugares m\u00e1s importantes de Marrakech, incluidos los Jardines Majorelle, la Torre Koutoubia, las tumbas saad\u00edes y el Palacio de la Bah\u00eda. Despu\u00e9s del almuerzo en un restaurante cerca de la plaza, pasear\u00e1 por los zocos y ver\u00e1 cientos de artesan\u00edas. Por la tarde, tendr\u00e1 tiempo libre para admirar las otras partes de la ciudad.<\/p>\n<h4>D\u00eda 9: D\u00eda de viaje a Essouira:<\/h4>\n<p>Despu\u00e9s del desayuno en su riad, comenzar\u00e1 a viajar a la ciudad costera de Essaouira. Visitar\u00e1s la fortaleza de Skala; ver madera de thuya tallada por artesanos; Camine por los callejones de la medina y vea cientos de artesan\u00edas. Esta &#8216;Ciudad del viento&#8217; atrae a surfistas de todo el mundo. Essaouira conoc\u00eda muchas civilizaciones, incluida la ocupaci\u00f3n portuguesa, que afecta a gran parte de su arquitectura, sin embargo, sigue siendo un peque\u00f1o pueblo con mucha historia. Debido a su tama\u00f1o y sus caracter\u00edsticas puertas azules y paredes lavadas, tambi\u00e9n es considerada como la &#8216;Joya del Atl\u00e1ntico&#8217; de Marruecos. Tambi\u00e9n visitar\u00e1s la cooperativa de mujeres de aceite de arg\u00e1n. Aqu\u00ed extraen el aceite que es famoso por sus propiedades culinarias, cosm\u00e9ticas y medicinales. El almuerzo se har\u00e1 a la manera marroqu\u00ed: pescado fresco &#8216;cocinado en orden&#8217; en el mercado de pescado. Por la tarde viajar\u00e1 de regreso a Marrakech. Pernocte en su riad. (CAMA Y DESAYUNO).<\/p>\n<h4>D\u00eda 10: Marrakech &#8211; Aeropuerto:<\/h4>\n<p>Traslado al aeropuerto de Casablanca o Marrakech.<\/p>\n","protected":false},"excerpt":{"rendered":"<p>D\u00eda 1: Recojo en Port Tanger y luego nos dirigimos a Chefcaouan. Al llegar, nos reuniremos con usted en el puerto que lo llevar\u00e1 a las<span class=\"excerpt-hellip\"> [\u2026]<\/span><\/p>\n","protected":false},"author":1,"featured_media":0,"parent":0,"menu_order":0,"comment_status":"closed","ping_status":"closed","template":"","meta":{"footnotes":""},"class_list":["post-2406","page","type-page","status-publish","hentry"],"_links":{"self":[{"href":"https:\/\/happy-desert-trips.com\/es\/wp-json\/wp\/v2\/pages\/2406","targetHints":{"allow":["GET"]}}],"collection":[{"href":"https:\/\/happy-desert-trips.com\/es\/wp-json\/wp\/v2\/pages"}],"about":[{"href":"https:\/\/happy-desert-trips.com\/es\/wp-json\/wp\/v2\/types\/page"}],"author":[{"embeddable":true,"href":"https:\/\/happy-desert-trips.com\/es\/wp-json\/wp\/v2\/users\/1"}],"replies":[{"embeddable":true,"href":"https:\/\/happy-desert-trips.com\/es\/wp-json\/wp\/v2\/comments?post=2406"}],"version-history":[{"count":2,"href":"https:\/\/happy-desert-trips.com\/es\/wp-json\/wp\/v2\/pages\/2406\/revisions"}],"predecessor-version":[{"id":2535,"href":"https:\/\/happy-desert-trips.com\/es\/wp-json\/wp\/v2\/pages\/2406\/revisions\/2535"}],"wp:attachment":[{"href":"https:\/\/happy-desert-trips.com\/es\/wp-json\/wp\/v2\/media?parent=2406"}],"curies":[{"name":"wp","href":"https:\/\/api.w.org\/{rel}","templated":true}]}}