{"id":2404,"date":"2018-12-18T15:00:24","date_gmt":"2018-12-18T15:00:24","guid":{"rendered":"https:\/\/happy-desert-trips.com\/wp\/?page_id=2404&#038;lang=es"},"modified":"2018-12-19T14:33:10","modified_gmt":"2018-12-19T14:33:10","slug":"10-dias-desde-casablanca-fes-merzouga-marrakech","status":"publish","type":"page","link":"https:\/\/happy-desert-trips.com\/es\/10-dias-desde-casablanca-fes-merzouga-marrakech\/","title":{"rendered":"10 D\u00edas desde Casablanca Fes Merzouga Marrakech"},"content":{"rendered":"<h4>D\u00eda 1: Casablanca, Rabat, Meknes.<\/h4>\n<p>Nuestro viaje por Marruecos comenzar\u00e1 alrededor de la Mezquita Hassan II. A continuaci\u00f3n, la capital pol\u00edtica de Marruecos: Rabat. Comience con la entrada al Palacio Real, edificios bien decorados y hermosos jardines. M\u00e1s tarde, para ver el impresionante mausoleo Mohammed V.<\/p>\n<h4>D\u00eda 2: Meknes, Volubils, Fez.<\/h4>\n<p>Salga a lo largo de vastos campos agr\u00edcolas hacia la segunda ciudad imperial de Meknes para tomar fotograf\u00edas de la enorme puerta de Bab El Mansour. La visita a la ciudad de Meknes incluye los establos de Harri Souani, la antigua medina, el hermoso palacio real y Volubils.<\/p>\n<h4>D\u00eda 3: Fez de turismo.<\/h4>\n<p>El d\u00eda de nuestra gira por Marruecos ser\u00e1 alrededor de la Medina m\u00e1s antigua del mundo. Los numerosos monumentos de la ciudad cuentan con miles de historias que contar a los visitantes, la Jemaa Karaouyine, las curtidur\u00edas y los barrios de artesanos y los fascinantes zocos.<\/p>\n<h4>D\u00eda 4: Bosque Fes-Cedar-Medilt-Ziz-Valley-Sahara Desert.<\/h4>\n<p>Salida a las 08:00 Marruecos, excursi\u00f3n al Sahara Erg Chebbi a trav\u00e9s de Ifrane y el bosque de cedros de Azrou donde se encuentran los monos salvajes. M\u00e1s tarde, continuamos hacia el desierto a trav\u00e9s del valle de Ziz y Erfoud, que es conocido por los f\u00f3siles de m\u00e1rmol. Por lo tanto, nos dirigimos al desierto del Sahara.<\/p>\n<h4>D\u00eda 5: Recorrido por Nomad en 4 \u00d7 4 camellos, noche en el campamento del desierto.<\/h4>\n<p>Una parte de nuestra gira por el desierto de Marruecos ser\u00e1 alrededor de Erg Chebbi, donde todav\u00eda viven los n\u00f3madas, comenzando por Khamlia o m\u00fasica tradicional Gnawa. M\u00e1s tarde, visitamos algunas minas desiertas y oasis de palmeras. Despu\u00e9s volvemos a montar en camello y descubrimos el desierto.<\/p>\n<h4>D\u00eda 6: Desierto del viejo zoco-Erfoud-Toudra Gargantas-Ouarzazate.<\/h4>\n<p>Despu\u00e9s de tomar fotos memorables de la salida del sol, volvemos a Guest House para desayunar y ducharnos. Despu\u00e9s, comenzamos nuestro viaje al valle de Dades pasando por Erfoud y Jorf, \u00bfd\u00f3nde est\u00e1 el riego? M\u00e1s tarde, continuamos a Todra Gorges y Ouarzazate.<\/p>\n<h4>D\u00eda 7: Ouarzazate, Taroudante.<\/h4>\n<p>Ouarzazate, en Berber significa literalmente sin ruido, es una ciudad muy encantadora. Como el Hollywood de Marruecos, Ouarzazate, con sus estudios cinematogr\u00e1ficos, ofrece un excelente ambiente para grandes rodajes, como Gladiators y Lawrence de Arabia.<\/p>\n<h4>D\u00eda 8: Taroudante, Essaouira.<\/h4>\n<p>Taroudant, conocida como la &#8216;Abuela de Marrakech&#8217;, es un hermoso y peque\u00f1o pueblo ubicado en el valle de Sous. Taroudant ofrece un encanto especial a los visitantes con calles estrechas en la antigua medina. Tendremos tiempo para deambular por los zocos antes de dejar Taroudant.<\/p>\n<h4>D\u00eda 9: Essaouira, Marrakech.<\/h4>\n<p>Essaouira tiene una hermosa y antigua Medina que nunca deja de seducir a sus visitantes. El atractivo de Essaouira se refleja en su hermosa arquitectura, sus tesoros culturales, sus playas arenosas y sus impresionantes vistas al mar. M\u00e1s tarde, nos dirigiremos a Marrakech.<\/p>\n<h4>D\u00eda 10: Marrakech Excursiones.<\/h4>\n<p>El \u00faltimo d\u00eda de la gira de Marruecos ser\u00e1 una visita guiada de un d\u00eda completo a Marrakech, que incluye la plaza Jemaa El Fna con su variedad de comidas, encantadores de serpientes, m\u00fasicos y adivinos. Luego visitaremos la Mezquita Koutoubia y el Palacio de Bah\u00eda.<\/p>\n","protected":false},"excerpt":{"rendered":"<p>D\u00eda 1: Casablanca, Rabat, Meknes. Nuestro viaje por Marruecos comenzar\u00e1 alrededor de la Mezquita Hassan II. A continuaci\u00f3n, la capital pol\u00edtica de Marruecos: Rabat. Comience con<span class=\"excerpt-hellip\"> [\u2026]<\/span><\/p>\n","protected":false},"author":1,"featured_media":0,"parent":0,"menu_order":0,"comment_status":"closed","ping_status":"closed","template":"","meta":{"footnotes":""},"class_list":["post-2404","page","type-page","status-publish","hentry"],"_links":{"self":[{"href":"https:\/\/happy-desert-trips.com\/es\/wp-json\/wp\/v2\/pages\/2404","targetHints":{"allow":["GET"]}}],"collection":[{"href":"https:\/\/happy-desert-trips.com\/es\/wp-json\/wp\/v2\/pages"}],"about":[{"href":"https:\/\/happy-desert-trips.com\/es\/wp-json\/wp\/v2\/types\/page"}],"author":[{"embeddable":true,"href":"https:\/\/happy-desert-trips.com\/es\/wp-json\/wp\/v2\/users\/1"}],"replies":[{"embeddable":true,"href":"https:\/\/happy-desert-trips.com\/es\/wp-json\/wp\/v2\/comments?post=2404"}],"version-history":[{"count":2,"href":"https:\/\/happy-desert-trips.com\/es\/wp-json\/wp\/v2\/pages\/2404\/revisions"}],"predecessor-version":[{"id":2534,"href":"https:\/\/happy-desert-trips.com\/es\/wp-json\/wp\/v2\/pages\/2404\/revisions\/2534"}],"wp:attachment":[{"href":"https:\/\/happy-desert-trips.com\/es\/wp-json\/wp\/v2\/media?parent=2404"}],"curies":[{"name":"wp","href":"https:\/\/api.w.org\/{rel}","templated":true}]}}