{"id":2396,"date":"2015-10-29T08:41:59","date_gmt":"2015-10-29T08:41:59","guid":{"rendered":"https:\/\/happy-desert-trips.com\/wp\/home\/?lang=es"},"modified":"2018-12-21T15:40:01","modified_gmt":"2018-12-21T15:40:01","slug":"inicio","status":"publish","type":"page","link":"https:\/\/happy-desert-trips.com\/es\/","title":{"rendered":"Inicio"},"content":{"rendered":"<h2 style=\"text-align: center;\">Las mejores excursiones a Marruecos | Safari Marruecos Desert Tours &amp; Atlas Mountains Berber Travel<\/h2>\n<p style=\"text-align: center;\">Mejores Viajes a Marruecos, Viajes al desierto del Sahara, Viajes familiares personalizados al desierto de Marruecos como 3 d\u00edas Fez a Marrakech, 3 d\u00edas Marrakech a Fez, 4 d\u00edas Fes a Marrakech, 4 d\u00edas Marrakech a Fes Desert Tours, Viajes privados al desierto de Marruecos desde Marrakech y Caminatas en camello, Campamentos privados de lujo en el desierto del Sahara, Excursiones a los pueblos bereberes de las Monta\u00f1as del Atlas y las ciudades imperiales de Marruecos. Una amplia gama de diferentes Safari Sahara Desert Tours &amp; Camps proporcionados por nosotros. Es hora de salir de su zona de confort y aventurarse en Marruecos. Viajar es una excelente manera de relajarse y de tomar un descanso de la vida diaria. Y en MCT te ayudaremos a disfrutar al m\u00e1ximo de tu aventura. Para disfrutar bien de tu viaje, te aconsejamos que consultes nuestro blog para obtener consejos e informaci\u00f3n general sobre el viaje, como el tiempo en las monta\u00f1as del atlas, la gu\u00eda de senderismo de Toubkal y m\u00e1s informaci\u00f3n.<\/p>\n","protected":false},"excerpt":{"rendered":"<p>Las mejores excursiones a Marruecos | Safari Marruecos Desert Tours &amp; Atlas Mountains Berber Travel Mejores Viajes a Marruecos, Viajes al desierto del Sahara, Viajes familiares<span class=\"excerpt-hellip\"> [\u2026]<\/span><\/p>\n","protected":false},"author":1,"featured_media":0,"parent":0,"menu_order":0,"comment_status":"open","ping_status":"open","template":"","meta":{"footnotes":""},"class_list":["post-2396","page","type-page","status-publish","hentry"],"_links":{"self":[{"href":"https:\/\/happy-desert-trips.com\/es\/wp-json\/wp\/v2\/pages\/2396","targetHints":{"allow":["GET"]}}],"collection":[{"href":"https:\/\/happy-desert-trips.com\/es\/wp-json\/wp\/v2\/pages"}],"about":[{"href":"https:\/\/happy-desert-trips.com\/es\/wp-json\/wp\/v2\/types\/page"}],"author":[{"embeddable":true,"href":"https:\/\/happy-desert-trips.com\/es\/wp-json\/wp\/v2\/users\/1"}],"replies":[{"embeddable":true,"href":"https:\/\/happy-desert-trips.com\/es\/wp-json\/wp\/v2\/comments?post=2396"}],"version-history":[{"count":2,"href":"https:\/\/happy-desert-trips.com\/es\/wp-json\/wp\/v2\/pages\/2396\/revisions"}],"predecessor-version":[{"id":2563,"href":"https:\/\/happy-desert-trips.com\/es\/wp-json\/wp\/v2\/pages\/2396\/revisions\/2563"}],"wp:attachment":[{"href":"https:\/\/happy-desert-trips.com\/es\/wp-json\/wp\/v2\/media?parent=2396"}],"curies":[{"name":"wp","href":"https:\/\/api.w.org\/{rel}","templated":true}]}}