{"id":2387,"date":"2018-12-17T14:16:07","date_gmt":"2018-12-17T14:16:07","guid":{"rendered":"https:\/\/happy-desert-trips.com\/wp\/?page_id=2387&#038;lang=es"},"modified":"2018-12-19T14:31:45","modified_gmt":"2018-12-19T14:31:45","slug":"marrakech-a-ouzoud-cascades","status":"publish","type":"page","link":"https:\/\/happy-desert-trips.com\/es\/marrakech-a-ouzoud-cascades\/","title":{"rendered":"Marrakech a Ouzoud Cascades"},"content":{"rendered":"<p>Las cascadas de Ouzoud est\u00e1n ubicadas a 170 Km. De Marrakech, una de las atracciones preferidas y excursiones de un d\u00eda seleccionadas que parten de Marrakech. Las cascadas de Ouzoud se encuentran en la secci\u00f3n central del Atlas, cerca de la ciudad de Azilal. A 3 horas en coche desde Marrakech, podr\u00e1s descubrir las cataratas m\u00e1s altas de Marruecos, hacer una caminata alrededor de las cataratas, navegar en los barcos locales para cruzar el r\u00edo o caminar durante 2 horas para llegar a la fuente de las cascadas de Ouzoud. Disfrute de la sabrosa comida local en uno de los restaurantes. Las cascadas Ouzoud son un sitio popular para los marroqu\u00edes en verano.<\/p>\n","protected":false},"excerpt":{"rendered":"<p>Las cascadas de Ouzoud est\u00e1n ubicadas a 170 Km. De Marrakech, una de las atracciones preferidas y excursiones de un d\u00eda seleccionadas que parten de Marrakech.<span class=\"excerpt-hellip\"> [\u2026]<\/span><\/p>\n","protected":false},"author":1,"featured_media":0,"parent":0,"menu_order":0,"comment_status":"closed","ping_status":"closed","template":"","meta":{"footnotes":""},"class_list":["post-2387","page","type-page","status-publish","hentry"],"_links":{"self":[{"href":"https:\/\/happy-desert-trips.com\/es\/wp-json\/wp\/v2\/pages\/2387","targetHints":{"allow":["GET"]}}],"collection":[{"href":"https:\/\/happy-desert-trips.com\/es\/wp-json\/wp\/v2\/pages"}],"about":[{"href":"https:\/\/happy-desert-trips.com\/es\/wp-json\/wp\/v2\/types\/page"}],"author":[{"embeddable":true,"href":"https:\/\/happy-desert-trips.com\/es\/wp-json\/wp\/v2\/users\/1"}],"replies":[{"embeddable":true,"href":"https:\/\/happy-desert-trips.com\/es\/wp-json\/wp\/v2\/comments?post=2387"}],"version-history":[{"count":1,"href":"https:\/\/happy-desert-trips.com\/es\/wp-json\/wp\/v2\/pages\/2387\/revisions"}],"predecessor-version":[{"id":2389,"href":"https:\/\/happy-desert-trips.com\/es\/wp-json\/wp\/v2\/pages\/2387\/revisions\/2389"}],"wp:attachment":[{"href":"https:\/\/happy-desert-trips.com\/es\/wp-json\/wp\/v2\/media?parent=2387"}],"curies":[{"name":"wp","href":"https:\/\/api.w.org\/{rel}","templated":true}]}}