{"id":2385,"date":"2018-12-17T14:15:23","date_gmt":"2018-12-17T14:15:23","guid":{"rendered":"https:\/\/happy-desert-trips.com\/wp\/?page_id=2385&#038;lang=es"},"modified":"2018-12-19T14:31:49","modified_gmt":"2018-12-19T14:31:49","slug":"marrakech-al-valle-de-ourika","status":"publish","type":"page","link":"https:\/\/happy-desert-trips.com\/es\/marrakech-al-valle-de-ourika\/","title":{"rendered":"Marrakech al valle de Ourika"},"content":{"rendered":"<p>Salida por la ma\u00f1ana de Marrakech al valle de Ourika, el m\u00e1s f\u00e1cil, el m\u00e1s cercano y, por lo tanto, una de las excursiones de un d\u00eda m\u00e1s populares desde Marrakech. En nuestro viaje de un d\u00eda a Ourika, viajar\u00e1 como un tour privado con su propio gu\u00eda. Para lograr una experiencia aut\u00e9ntica del valle de Ourika, nuestro objetivo es evitar las t\u00edpicas trampas para turistas y centrarnos en la verdadera vida de la aldea bereber, explorando los senderos locales a pie lejos de las flotas de autobuses tur\u00edsticos. Regresaremos a Marrakech por la tarde.<\/p>\n","protected":false},"excerpt":{"rendered":"<p>Salida por la ma\u00f1ana de Marrakech al valle de Ourika, el m\u00e1s f\u00e1cil, el m\u00e1s cercano y, por lo tanto, una de las excursiones de un<span class=\"excerpt-hellip\"> [\u2026]<\/span><\/p>\n","protected":false},"author":1,"featured_media":0,"parent":0,"menu_order":0,"comment_status":"closed","ping_status":"closed","template":"","meta":{"footnotes":""},"class_list":["post-2385","page","type-page","status-publish","hentry"],"_links":{"self":[{"href":"https:\/\/happy-desert-trips.com\/es\/wp-json\/wp\/v2\/pages\/2385","targetHints":{"allow":["GET"]}}],"collection":[{"href":"https:\/\/happy-desert-trips.com\/es\/wp-json\/wp\/v2\/pages"}],"about":[{"href":"https:\/\/happy-desert-trips.com\/es\/wp-json\/wp\/v2\/types\/page"}],"author":[{"embeddable":true,"href":"https:\/\/happy-desert-trips.com\/es\/wp-json\/wp\/v2\/users\/1"}],"replies":[{"embeddable":true,"href":"https:\/\/happy-desert-trips.com\/es\/wp-json\/wp\/v2\/comments?post=2385"}],"version-history":[{"count":1,"href":"https:\/\/happy-desert-trips.com\/es\/wp-json\/wp\/v2\/pages\/2385\/revisions"}],"predecessor-version":[{"id":2386,"href":"https:\/\/happy-desert-trips.com\/es\/wp-json\/wp\/v2\/pages\/2385\/revisions\/2386"}],"wp:attachment":[{"href":"https:\/\/happy-desert-trips.com\/es\/wp-json\/wp\/v2\/media?parent=2385"}],"curies":[{"name":"wp","href":"https:\/\/api.w.org\/{rel}","templated":true}]}}