{"id":2383,"date":"2018-12-17T14:14:23","date_gmt":"2018-12-17T14:14:23","guid":{"rendered":"https:\/\/happy-desert-trips.com\/wp\/?page_id=2383&#038;lang=es"},"modified":"2018-12-19T14:31:38","modified_gmt":"2018-12-19T14:31:38","slug":"marrakech-a-ait-benhaddou","status":"publish","type":"page","link":"https:\/\/happy-desert-trips.com\/es\/marrakech-a-ait-benhaddou\/","title":{"rendered":"Marrakech a Ait Benhaddou"},"content":{"rendered":"<p>Cruzaremos las monta\u00f1as del Atlas. Los caminos sinuosos, los paisajes cambiantes, los valles coloridos, los pastores con sus reba\u00f1os, las aldeas de Berbere en lo alto de las laderas, hacen de este un camino pintoresco. Y cuando lleguemos al paso Tizi\u2019n Tichka, estaremos en el punto m\u00e1s alto de las monta\u00f1as del Atlas. a medida que se llega al otro lado de las monta\u00f1as, el paisaje cambia dram\u00e1ticamente y se vuelve semi\u00e1rido y des\u00e9rtico. Aqu\u00ed est\u00e1 la arquitectura Kasbah con torretas en todos los edificios, adornada con ventanas a la parrilla y paredes de color melocot\u00f3n suave. Estas casas tradicionales est\u00e1n hechas de adobe, muy adecuadas para las condiciones clim\u00e1ticas del sur. Despu\u00e9s del paso de Tichka, deja la carretera principal y toma un camino lateral hacia la Telouet Kasbah, que perteneci\u00f3 a los Se\u00f1ores del Atlas, la familia Glaoui, que se encuentra en ruinas despu\u00e9s de que el \u00faltimo Pasha huy\u00f3 del pa\u00eds despu\u00e9s de la partida de los franceses. . Desde all\u00ed, contin\u00fae para almorzar en Ait Ben Haddou por la carretera reci\u00e9n asfaltada. La tarde se dedica a explorar el sitio del Patrimonio Mundial de la UNESCO de Ait Ben Haddou, que se ha utilizado como tel\u00f3n de fondo para muchos \u00e9xitos de taquilla de Hollywood. Fue una de las fortalezas de fortaleza m\u00e1s importantes en las antiguas rutas de caravanas de la Ruta de la Sal, donde los comerciantes tra\u00edan esclavos, oro, marfil y sal del \u00c1frica subsahariana a Marrakech y m\u00e1s all\u00e1.<\/p>\n","protected":false},"excerpt":{"rendered":"<p>Cruzaremos las monta\u00f1as del Atlas. Los caminos sinuosos, los paisajes cambiantes, los valles coloridos, los pastores con sus reba\u00f1os, las aldeas de Berbere en lo alto<span class=\"excerpt-hellip\"> [\u2026]<\/span><\/p>\n","protected":false},"author":1,"featured_media":0,"parent":0,"menu_order":0,"comment_status":"closed","ping_status":"closed","template":"","meta":{"footnotes":""},"class_list":["post-2383","page","type-page","status-publish","hentry"],"_links":{"self":[{"href":"https:\/\/happy-desert-trips.com\/es\/wp-json\/wp\/v2\/pages\/2383","targetHints":{"allow":["GET"]}}],"collection":[{"href":"https:\/\/happy-desert-trips.com\/es\/wp-json\/wp\/v2\/pages"}],"about":[{"href":"https:\/\/happy-desert-trips.com\/es\/wp-json\/wp\/v2\/types\/page"}],"author":[{"embeddable":true,"href":"https:\/\/happy-desert-trips.com\/es\/wp-json\/wp\/v2\/users\/1"}],"replies":[{"embeddable":true,"href":"https:\/\/happy-desert-trips.com\/es\/wp-json\/wp\/v2\/comments?post=2383"}],"version-history":[{"count":1,"href":"https:\/\/happy-desert-trips.com\/es\/wp-json\/wp\/v2\/pages\/2383\/revisions"}],"predecessor-version":[{"id":2384,"href":"https:\/\/happy-desert-trips.com\/es\/wp-json\/wp\/v2\/pages\/2383\/revisions\/2384"}],"wp:attachment":[{"href":"https:\/\/happy-desert-trips.com\/es\/wp-json\/wp\/v2\/media?parent=2383"}],"curies":[{"name":"wp","href":"https:\/\/api.w.org\/{rel}","templated":true}]}}