{"id":2379,"date":"2018-12-17T14:12:50","date_gmt":"2018-12-17T14:12:50","guid":{"rendered":"https:\/\/happy-desert-trips.com\/wp\/?page_id=2379&#038;lang=es"},"modified":"2018-12-19T14:32:02","modified_gmt":"2018-12-19T14:32:02","slug":"paseo-camellos","status":"publish","type":"page","link":"https:\/\/happy-desert-trips.com\/es\/paseo-camellos\/","title":{"rendered":"Paseo Camellos"},"content":{"rendered":"<h4>1 noche en el desierto del Sahara<\/h4>\n<p>Este viaje comienza en la tarde. Los camellos estar\u00e1n llenos de alimentos, mantas y todo lo que necesitemos. La caminata comenzar\u00e1 en el desierto del Sahara, donde est\u00e1 completamente aislada. El camino que tomamos nos llevar\u00e1 a un peque\u00f1o Oasis justo en medio de las dunas. Aqu\u00ed es donde pasaremos la noche.<br \/>\nSer\u00e1 una noche m\u00e1gica donde el cielo est\u00e1 despejado y las estrellas brillan y brillan con intensidad. Durante la primera noche en el desierto del Sahara, habr\u00e1 una maravillosa cena alrededor de una fogata, escuchar los tambores tradicionales bereberes y pasar la noche en tiendas bereberes n\u00f3madas.<\/p>\n<p>Por la ma\u00f1ana, despu\u00e9s del desayuno, lo llevaremos de regreso al hotel (Merzouga).<\/p>\n<h4>Tour al atardecer:<\/h4>\n<p>El tour al atardecer comienza alrededor de las 5:30 pm. Se tarda casi media hora en llegar a las dunas de arena de Erg Chebbi sobre un camello. Luego, dejaremos los camellos, viajaremos a pie unos 80 metros hasta llegar a la duna m\u00e1s alta de Merzouga. Para aquellos que quieran ver una vista panor\u00e1mica deben subir a la cima, les tomar\u00e1 otros 10 minutos. Si prefiere no subir por las dunas m\u00e1s altas, el \u00e1rea alrededor del camello &#8220;estacionamiento&#8221; es perfecta para observar la puesta de sol. Despu\u00e9s de haber disfrutado de este corto tiempo, regresamos al pueblo antes del anochecer. Este recorrido incluye una parada en el jard\u00edn donde tendr\u00e1 una breve explicaci\u00f3n sobre el sistema de canales del desierto.<\/p>\n<h4>Tour al amanecer:<\/h4>\n<p>El amanecer comienza temprano y toma 35 minutos para llegar a la duna m\u00e1s alta de Merzouga. Este tour incluye una visita al jard\u00edn de regreso. Para este recorrido no necesita configurar el despertador. Disfruta de tu noche y vendremos alrededor para una llamada de atenci\u00f3n.<\/p>\n","protected":false},"excerpt":{"rendered":"<p>1 noche en el desierto del Sahara Este viaje comienza en la tarde. Los camellos estar\u00e1n llenos de alimentos, mantas y todo lo que necesitemos. La<span class=\"excerpt-hellip\"> [\u2026]<\/span><\/p>\n","protected":false},"author":1,"featured_media":0,"parent":0,"menu_order":0,"comment_status":"closed","ping_status":"closed","template":"","meta":{"footnotes":""},"class_list":["post-2379","page","type-page","status-publish","hentry"],"_links":{"self":[{"href":"https:\/\/happy-desert-trips.com\/es\/wp-json\/wp\/v2\/pages\/2379","targetHints":{"allow":["GET"]}}],"collection":[{"href":"https:\/\/happy-desert-trips.com\/es\/wp-json\/wp\/v2\/pages"}],"about":[{"href":"https:\/\/happy-desert-trips.com\/es\/wp-json\/wp\/v2\/types\/page"}],"author":[{"embeddable":true,"href":"https:\/\/happy-desert-trips.com\/es\/wp-json\/wp\/v2\/users\/1"}],"replies":[{"embeddable":true,"href":"https:\/\/happy-desert-trips.com\/es\/wp-json\/wp\/v2\/comments?post=2379"}],"version-history":[{"count":2,"href":"https:\/\/happy-desert-trips.com\/es\/wp-json\/wp\/v2\/pages\/2379\/revisions"}],"predecessor-version":[{"id":2532,"href":"https:\/\/happy-desert-trips.com\/es\/wp-json\/wp\/v2\/pages\/2379\/revisions\/2532"}],"wp:attachment":[{"href":"https:\/\/happy-desert-trips.com\/es\/wp-json\/wp\/v2\/media?parent=2379"}],"curies":[{"name":"wp","href":"https:\/\/api.w.org\/{rel}","templated":true}]}}