{"id":2377,"date":"2018-12-17T14:12:01","date_gmt":"2018-12-17T14:12:01","guid":{"rendered":"https:\/\/happy-desert-trips.com\/wp\/?page_id=2377&#038;lang=es"},"modified":"2018-12-19T14:32:10","modified_gmt":"2018-12-19T14:32:10","slug":"quienes-somos","status":"publish","type":"page","link":"https:\/\/happy-desert-trips.com\/es\/quienes-somos\/","title":{"rendered":"Quienes Somos"},"content":{"rendered":"<p><strong>Happy Desert Trips<\/strong> es un operador tur\u00edstico con sede en Marrakech dedicado a la organizaci\u00f3n de viajes, aventuras en el bello y m\u00edstico Marruecos. Creado y dirigido por Lhoucine, un bereber que tiene una profunda vocaci\u00f3n por su trabajo, con muchos a\u00f1os de experiencia en turismo, carism\u00e1tico y responsable, se complacer\u00e1 en revelar los secretos que se encuentran bajo las c\u00e1lidas arenas del desierto, en su zona arqueol\u00f3gica. Ruinas, o en la grandeza de su atlas.<\/p>\n<p>Con m\u00e1s de 10 a\u00f1os de experiencia en la organizaci\u00f3n de tours y excursiones en Marruecos, se le brindar\u00e1 una experiencia fascinante e inolvidable de la vida y cultura marroqu\u00ed para usted y su familia, amigos &#8230; Nuestros itinerarios le permitir\u00e1n disfrutar no solo de Viaje especial por el desierto, pero tambi\u00e9n para descubrir y admirar las ciudades imperiales y los paisajes m\u00e1s incre\u00edbles de Marruecos, como Marrakech, Fez, Chefchaoue, Casablanca.<\/p>\n","protected":false},"excerpt":{"rendered":"<p>Happy Desert Trips es un operador tur\u00edstico con sede en Marrakech dedicado a la organizaci\u00f3n de viajes, aventuras en el bello y m\u00edstico Marruecos. Creado y<span class=\"excerpt-hellip\"> [\u2026]<\/span><\/p>\n","protected":false},"author":1,"featured_media":0,"parent":0,"menu_order":0,"comment_status":"closed","ping_status":"closed","template":"","meta":{"footnotes":""},"class_list":["post-2377","page","type-page","status-publish","hentry"],"_links":{"self":[{"href":"https:\/\/happy-desert-trips.com\/es\/wp-json\/wp\/v2\/pages\/2377","targetHints":{"allow":["GET"]}}],"collection":[{"href":"https:\/\/happy-desert-trips.com\/es\/wp-json\/wp\/v2\/pages"}],"about":[{"href":"https:\/\/happy-desert-trips.com\/es\/wp-json\/wp\/v2\/types\/page"}],"author":[{"embeddable":true,"href":"https:\/\/happy-desert-trips.com\/es\/wp-json\/wp\/v2\/users\/1"}],"replies":[{"embeddable":true,"href":"https:\/\/happy-desert-trips.com\/es\/wp-json\/wp\/v2\/comments?post=2377"}],"version-history":[{"count":2,"href":"https:\/\/happy-desert-trips.com\/es\/wp-json\/wp\/v2\/pages\/2377\/revisions"}],"predecessor-version":[{"id":2533,"href":"https:\/\/happy-desert-trips.com\/es\/wp-json\/wp\/v2\/pages\/2377\/revisions\/2533"}],"wp:attachment":[{"href":"https:\/\/happy-desert-trips.com\/es\/wp-json\/wp\/v2\/media?parent=2377"}],"curies":[{"name":"wp","href":"https:\/\/api.w.org\/{rel}","templated":true}]}}